{"id":27094,"date":"2026-03-04T11:47:32","date_gmt":"2026-03-04T10:47:32","guid":{"rendered":"https:\/\/obradorglutenfree.com\/?post_type=product&#038;p=27094"},"modified":"2026-03-16T10:25:38","modified_gmt":"2026-03-16T09:25:38","slug":"berlina-rellena-de-chocolate-con-avellanas-copia","status":"publish","type":"product","link":"https:\/\/obradorglutenfree.com\/es\/prod\/berlina-rellena-de-chocolate-con-avellanas-copia\/","title":{"rendered":"Harina para pasteler\u00eda 500 gr."},"content":{"rendered":"<p>[et_pb_section fb_built=\u00bb1&#8243; _builder_version=\u00bb4.16&#8243; custom_padding=\u00bb0px||||false|false\u00bb global_colors_info=\u00bb{}\u00bb][et_pb_row _builder_version=\u00bb4.16&#8243; background_size=\u00bbinitial\u00bb background_position=\u00bbtop_left\u00bb background_repeat=\u00bbrepeat\u00bb width=\u00bb100%\u00bb custom_padding=\u00bb0px||0px||false|false\u00bb global_colors_info=\u00bb{}\u00bb][et_pb_column type=\u00bb4_4&#8243; _builder_version=\u00bb4.16&#8243; custom_padding=\u00bb|||\u00bb global_colors_info=\u00bb{}\u00bb custom_padding__hover=\u00bb|||\u00bb][et_pb_wc_breadcrumb _builder_version=\u00bb4.16&#8243; global_colors_info=\u00bb{}\u00bb][\/et_pb_wc_breadcrumb][et_pb_wc_cart_notice _builder_version=\u00bb4.16&#8243; global_colors_info=\u00bb{}\u00bb][\/et_pb_wc_cart_notice][\/et_pb_column][\/et_pb_row][et_pb_row column_structure=\u00bb1_2,1_2&#8243; _builder_version=\u00bb4.16&#8243; background_size=\u00bbinitial\u00bb background_position=\u00bbtop_left\u00bb background_repeat=\u00bbrepeat\u00bb width=\u00bb100%\u00bb custom_padding=\u00bb0px||||false|false\u00bb global_colors_info=\u00bb{}\u00bb][et_pb_column type=\u00bb1_2&#8243; _builder_version=\u00bb4.16&#8243; custom_padding=\u00bb|||\u00bb global_colors_info=\u00bb{}\u00bb custom_padding__hover=\u00bb|||\u00bb][et_pb_wc_images _builder_version=\u00bb4.16&#8243; global_colors_info=\u00bb{}\u00bb][\/et_pb_wc_images][\/et_pb_column][et_pb_column type=\u00bb1_2&#8243; _builder_version=\u00bb4.16&#8243; custom_padding=\u00bb|||\u00bb global_colors_info=\u00bb{}\u00bb custom_padding__hover=\u00bb|||\u00bb][et_pb_wc_title _builder_version=\u00bb4.16&#8243; global_colors_info=\u00bb{}\u00bb][\/et_pb_wc_title][et_pb_wc_rating _builder_version=\u00bb4.16&#8243; global_colors_info=\u00bb{}\u00bb][\/et_pb_wc_rating][et_pb_wc_price _builder_version=\u00bb4.16&#8243; global_colors_info=\u00bb{}\u00bb][\/et_pb_wc_price][et_pb_wc_description _builder_version=\u00bb4.16&#8243; global_colors_info=\u00bb{}\u00bb][\/et_pb_wc_description][et_pb_wc_add_to_cart _builder_version=\u00bb4.16&#8243; global_colors_info=\u00bb{}\u00bb][\/et_pb_wc_add_to_cart][et_pb_wc_meta _builder_version=\u00bb4.16&#8243; global_colors_info=\u00bb{}\u00bb][\/et_pb_wc_meta][\/et_pb_column][\/et_pb_row][et_pb_row _builder_version=\u00bb4.16&#8243; background_size=\u00bbinitial\u00bb background_position=\u00bbtop_left\u00bb background_repeat=\u00bbrepeat\u00bb width=\u00bb100%\u00bb collapsed=\u00bbon\u00bb global_colors_info=\u00bb{}\u00bb][et_pb_column type=\u00bb4_4&#8243; _builder_version=\u00bb4.16&#8243; custom_padding=\u00bb|||\u00bb global_colors_info=\u00bb{}\u00bb custom_padding__hover=\u00bb|||\u00bb][et_pb_wc_tabs _builder_version=\u00bb4.16&#8243; global_colors_info=\u00bb{}\u00bb] [\/et_pb_wc_tabs][et_pb_wc_upsells _builder_version=\u00bb4.16&#8243; global_colors_info=\u00bb{}\u00bb][\/et_pb_wc_upsells][et_pb_wc_related_products _builder_version=\u00bb4.16&#8243; global_colors_info=\u00bb{}\u00bb][\/et_pb_wc_related_products][\/et_pb_column][\/et_pb_row][\/et_pb_section]<\/p>\n","protected":false},"excerpt":{"rendered":"<h2 data-start=\"195\" data-end=\"253\">No contiene<\/h2>\n<p>&nbsp;<\/p>\n<h2 data-start=\"195\" data-end=\"253\">\u2728 Tu aliado perfecto para una pasteler\u00eda impecable<\/h2>\n<p data-start=\"255\" data-end=\"440\">Descubre nuestro <strong data-start=\"276\" data-end=\"314\">preparado de harina para pasteler\u00eda<\/strong>, una combinaci\u00f3n equilibrada y de calidad superior pensada para conseguir resultados profesionales de manera f\u00e1cil y constante.<\/p>\n<p data-start=\"442\" data-end=\"605\">\ud83c\udf70 <strong data-start=\"445\" data-end=\"477\">Textura esponjosa i ligera<\/strong><br data-start=\"477\" data-end=\"480\">\ud83e\uddc1 <strong data-start=\"483\" data-end=\"511\">Volumen perfecto y regular<\/strong><br data-start=\"511\" data-end=\"514\">\ud83e\udd67 <strong data-start=\"517\" data-end=\"560\">Sabor neutro que realza los ingredientes<\/strong><\/p>\n<p data-start=\"607\" data-end=\"814\">Nuestro preparado est\u00e1 formulado con ingredientes seleccionados para garantir una masa homog\u00e9nea, estable y f\u00e1cil de trebajar. Ideal para biscuits, madalenas, pasteles, cocas y otras elaboraciones dulces. <\/p>\n<p data-start=\"816\" data-end=\"957\">Tanto si eres profesional como si te apasiona la pasteler\u00eda en casa, con nuestro preparado obtendr\u00e1s resultados constantes hornada tras hornada.<\/p>\n<p><strong>Apto para veganos<\/strong><\/p>\n","protected":false},"featured_media":27097,"template":"","meta":{"_et_pb_use_builder":"on","_et_pb_old_content":"Almid\u00f3n de trigo sin gluten, harina de arroz, espessante (E415).","_et_gb_content_width":""},"product_brand":[],"product_cat":[44],"product_tag":[],"class_list":{"0":"post-27094","1":"product","2":"type-product","3":"status-publish","4":"has-post-thumbnail","6":"product_cat-bolleria-dulce","8":"first","9":"instock","10":"taxable","11":"shipping-taxable","12":"purchasable","13":"product-type-simple"},"yoast_head":"<!-- This site is optimized with the Yoast SEO plugin v27.2 - https:\/\/yoast.com\/product\/yoast-seo-wordpress\/ -->\n<title>Harina para pasteler\u00eda 500 gr. - Obrador Gluten Free<\/title>\n<meta name=\"robots\" content=\"index, follow, max-snippet:-1, max-image-preview:large, max-video-preview:-1\" \/>\n<link rel=\"canonical\" href=\"https:\/\/obradorglutenfree.com\/es\/prod\/berlina-rellena-de-chocolate-con-avellanas-copia\/\" \/>\n<meta property=\"og:locale\" content=\"es_ES\" \/>\n<meta property=\"og:type\" content=\"article\" \/>\n<meta property=\"og:title\" content=\"Harina para pasteler\u00eda 500 gr. - Obrador Gluten Free\" \/>\n<meta property=\"og:description\" content=\"No contiene &nbsp; \u2728 Tu aliado perfecto para una pasteler\u00eda impecable Descubre nuestro preparado de harina para pasteler\u00eda, una combinaci\u00f3n equilibrada y de calidad superior pensada para conseguir resultados profesionales de manera f\u00e1cil y constante. \ud83c\udf70 Textura esponjosa i ligera\ud83e\uddc1 Volumen perfecto y regular\ud83e\udd67 Sabor neutro que realza los ingredientes Nuestro preparado est\u00e1 formulado con ingredientes seleccionados para garantir una masa homog\u00e9nea, estable y f\u00e1cil de trebajar. Ideal para biscuits, madalenas, pasteles, cocas y otras elaboraciones dulces. Tanto si eres profesional como si te apasiona la pasteler\u00eda en casa, con nuestro preparado obtendr\u00e1s resultados constantes hornada tras hornada. Apto para veganos\" \/>\n<meta property=\"og:url\" content=\"https:\/\/obradorglutenfree.com\/es\/prod\/berlina-rellena-de-chocolate-con-avellanas-copia\/\" \/>\n<meta property=\"og:site_name\" content=\"Obrador Gluten Free\" \/>\n<meta property=\"article:modified_time\" content=\"2026-03-16T09:25:38+00:00\" \/>\n<meta property=\"og:image\" content=\"https:\/\/obradorglutenfree.com\/wp-content\/uploads\/2026\/03\/IMG_6544.jpg\" \/>\n\t<meta property=\"og:image:width\" content=\"1571\" \/>\n\t<meta property=\"og:image:height\" content=\"1233\" \/>\n\t<meta property=\"og:image:type\" content=\"image\/jpeg\" \/>\n<meta name=\"twitter:card\" content=\"summary_large_image\" \/>\n<meta name=\"twitter:label1\" content=\"Tiempo de lectura\" \/>\n\t<meta name=\"twitter:data1\" content=\"2 minutos\" \/>\n<script type=\"application\/ld+json\" class=\"yoast-schema-graph\">{\"@context\":\"https:\/\/schema.org\",\"@graph\":[{\"@type\":\"WebPage\",\"@id\":\"https:\/\/obradorglutenfree.com\/es\/prod\/berlina-rellena-de-chocolate-con-avellanas-copia\/\",\"url\":\"https:\/\/obradorglutenfree.com\/es\/prod\/berlina-rellena-de-chocolate-con-avellanas-copia\/\",\"name\":\"Harina para pasteler\u00eda 500 gr. - Obrador Gluten Free\",\"isPartOf\":{\"@id\":\"https:\/\/obradorglutenfree.com\/es\/#website\"},\"primaryImageOfPage\":{\"@id\":\"https:\/\/obradorglutenfree.com\/es\/prod\/berlina-rellena-de-chocolate-con-avellanas-copia\/#primaryimage\"},\"image\":{\"@id\":\"https:\/\/obradorglutenfree.com\/es\/prod\/berlina-rellena-de-chocolate-con-avellanas-copia\/#primaryimage\"},\"thumbnailUrl\":\"https:\/\/obradorglutenfree.com\/wp-content\/uploads\/2026\/03\/IMG_6544.jpg\",\"datePublished\":\"2026-03-04T10:47:32+00:00\",\"dateModified\":\"2026-03-16T09:25:38+00:00\",\"breadcrumb\":{\"@id\":\"https:\/\/obradorglutenfree.com\/es\/prod\/berlina-rellena-de-chocolate-con-avellanas-copia\/#breadcrumb\"},\"inLanguage\":\"es\",\"potentialAction\":[{\"@type\":\"ReadAction\",\"target\":[\"https:\/\/obradorglutenfree.com\/es\/prod\/berlina-rellena-de-chocolate-con-avellanas-copia\/\"]}]},{\"@type\":\"ImageObject\",\"inLanguage\":\"es\",\"@id\":\"https:\/\/obradorglutenfree.com\/es\/prod\/berlina-rellena-de-chocolate-con-avellanas-copia\/#primaryimage\",\"url\":\"https:\/\/obradorglutenfree.com\/wp-content\/uploads\/2026\/03\/IMG_6544.jpg\",\"contentUrl\":\"https:\/\/obradorglutenfree.com\/wp-content\/uploads\/2026\/03\/IMG_6544.jpg\",\"width\":1571,\"height\":1233},{\"@type\":\"BreadcrumbList\",\"@id\":\"https:\/\/obradorglutenfree.com\/es\/prod\/berlina-rellena-de-chocolate-con-avellanas-copia\/#breadcrumb\",\"itemListElement\":[{\"@type\":\"ListItem\",\"position\":1,\"name\":\"Inici\",\"item\":\"https:\/\/obradorglutenfree.com\/es\/\"},{\"@type\":\"ListItem\",\"position\":2,\"name\":\"Tienda\",\"item\":\"https:\/\/obradorglutenfree.com\/es\/tienda\/\"},{\"@type\":\"ListItem\",\"position\":3,\"name\":\"Harina para pasteler\u00eda 500 gr.\"}]},{\"@type\":\"WebSite\",\"@id\":\"https:\/\/obradorglutenfree.com\/es\/#website\",\"url\":\"https:\/\/obradorglutenfree.com\/es\/\",\"name\":\"Obrador Gluten Free\",\"description\":\"\",\"potentialAction\":[{\"@type\":\"SearchAction\",\"target\":{\"@type\":\"EntryPoint\",\"urlTemplate\":\"https:\/\/obradorglutenfree.com\/es\/?s={search_term_string}\"},\"query-input\":{\"@type\":\"PropertyValueSpecification\",\"valueRequired\":true,\"valueName\":\"search_term_string\"}}],\"inLanguage\":\"es\"}]}<\/script>\n<!-- \/ Yoast SEO plugin. -->","yoast_head_json":{"title":"Harina para pasteler\u00eda 500 gr. - Obrador Gluten Free","robots":{"index":"index","follow":"follow","max-snippet":"max-snippet:-1","max-image-preview":"max-image-preview:large","max-video-preview":"max-video-preview:-1"},"canonical":"https:\/\/obradorglutenfree.com\/es\/prod\/berlina-rellena-de-chocolate-con-avellanas-copia\/","og_locale":"es_ES","og_type":"article","og_title":"Harina para pasteler\u00eda 500 gr. - Obrador Gluten Free","og_description":"No contiene &nbsp; \u2728 Tu aliado perfecto para una pasteler\u00eda impecable Descubre nuestro preparado de harina para pasteler\u00eda, una combinaci\u00f3n equilibrada y de calidad superior pensada para conseguir resultados profesionales de manera f\u00e1cil y constante. \ud83c\udf70 Textura esponjosa i ligera\ud83e\uddc1 Volumen perfecto y regular\ud83e\udd67 Sabor neutro que realza los ingredientes Nuestro preparado est\u00e1 formulado con ingredientes seleccionados para garantir una masa homog\u00e9nea, estable y f\u00e1cil de trebajar. Ideal para biscuits, madalenas, pasteles, cocas y otras elaboraciones dulces. Tanto si eres profesional como si te apasiona la pasteler\u00eda en casa, con nuestro preparado obtendr\u00e1s resultados constantes hornada tras hornada. Apto para veganos","og_url":"https:\/\/obradorglutenfree.com\/es\/prod\/berlina-rellena-de-chocolate-con-avellanas-copia\/","og_site_name":"Obrador Gluten Free","article_modified_time":"2026-03-16T09:25:38+00:00","og_image":[{"width":1571,"height":1233,"url":"https:\/\/obradorglutenfree.com\/wp-content\/uploads\/2026\/03\/IMG_6544.jpg","type":"image\/jpeg"}],"twitter_card":"summary_large_image","twitter_misc":{"Tiempo de lectura":"2 minutos"},"schema":{"@context":"https:\/\/schema.org","@graph":[{"@type":"WebPage","@id":"https:\/\/obradorglutenfree.com\/es\/prod\/berlina-rellena-de-chocolate-con-avellanas-copia\/","url":"https:\/\/obradorglutenfree.com\/es\/prod\/berlina-rellena-de-chocolate-con-avellanas-copia\/","name":"Harina para pasteler\u00eda 500 gr. - Obrador Gluten Free","isPartOf":{"@id":"https:\/\/obradorglutenfree.com\/es\/#website"},"primaryImageOfPage":{"@id":"https:\/\/obradorglutenfree.com\/es\/prod\/berlina-rellena-de-chocolate-con-avellanas-copia\/#primaryimage"},"image":{"@id":"https:\/\/obradorglutenfree.com\/es\/prod\/berlina-rellena-de-chocolate-con-avellanas-copia\/#primaryimage"},"thumbnailUrl":"https:\/\/obradorglutenfree.com\/wp-content\/uploads\/2026\/03\/IMG_6544.jpg","datePublished":"2026-03-04T10:47:32+00:00","dateModified":"2026-03-16T09:25:38+00:00","breadcrumb":{"@id":"https:\/\/obradorglutenfree.com\/es\/prod\/berlina-rellena-de-chocolate-con-avellanas-copia\/#breadcrumb"},"inLanguage":"es","potentialAction":[{"@type":"ReadAction","target":["https:\/\/obradorglutenfree.com\/es\/prod\/berlina-rellena-de-chocolate-con-avellanas-copia\/"]}]},{"@type":"ImageObject","inLanguage":"es","@id":"https:\/\/obradorglutenfree.com\/es\/prod\/berlina-rellena-de-chocolate-con-avellanas-copia\/#primaryimage","url":"https:\/\/obradorglutenfree.com\/wp-content\/uploads\/2026\/03\/IMG_6544.jpg","contentUrl":"https:\/\/obradorglutenfree.com\/wp-content\/uploads\/2026\/03\/IMG_6544.jpg","width":1571,"height":1233},{"@type":"BreadcrumbList","@id":"https:\/\/obradorglutenfree.com\/es\/prod\/berlina-rellena-de-chocolate-con-avellanas-copia\/#breadcrumb","itemListElement":[{"@type":"ListItem","position":1,"name":"Inici","item":"https:\/\/obradorglutenfree.com\/es\/"},{"@type":"ListItem","position":2,"name":"Tienda","item":"https:\/\/obradorglutenfree.com\/es\/tienda\/"},{"@type":"ListItem","position":3,"name":"Harina para pasteler\u00eda 500 gr."}]},{"@type":"WebSite","@id":"https:\/\/obradorglutenfree.com\/es\/#website","url":"https:\/\/obradorglutenfree.com\/es\/","name":"Obrador Gluten Free","description":"","potentialAction":[{"@type":"SearchAction","target":{"@type":"EntryPoint","urlTemplate":"https:\/\/obradorglutenfree.com\/es\/?s={search_term_string}"},"query-input":{"@type":"PropertyValueSpecification","valueRequired":true,"valueName":"search_term_string"}}],"inLanguage":"es"}]}},"_links":{"self":[{"href":"https:\/\/obradorglutenfree.com\/es\/wp-json\/wp\/v2\/product\/27094","targetHints":{"allow":["GET"]}}],"collection":[{"href":"https:\/\/obradorglutenfree.com\/es\/wp-json\/wp\/v2\/product"}],"about":[{"href":"https:\/\/obradorglutenfree.com\/es\/wp-json\/wp\/v2\/types\/product"}],"wp:featuredmedia":[{"embeddable":true,"href":"https:\/\/obradorglutenfree.com\/es\/wp-json\/wp\/v2\/media\/27097"}],"wp:attachment":[{"href":"https:\/\/obradorglutenfree.com\/es\/wp-json\/wp\/v2\/media?parent=27094"}],"wp:term":[{"taxonomy":"product_brand","embeddable":true,"href":"https:\/\/obradorglutenfree.com\/es\/wp-json\/wp\/v2\/product_brand?post=27094"},{"taxonomy":"product_cat","embeddable":true,"href":"https:\/\/obradorglutenfree.com\/es\/wp-json\/wp\/v2\/product_cat?post=27094"},{"taxonomy":"product_tag","embeddable":true,"href":"https:\/\/obradorglutenfree.com\/es\/wp-json\/wp\/v2\/product_tag?post=27094"}],"curies":[{"name":"wp","href":"https:\/\/api.w.org\/{rel}","templated":true}]}}