{"id":27027,"date":"2026-02-16T07:17:42","date_gmt":"2026-02-16T06:17:42","guid":{"rendered":"https:\/\/obradorglutenfree.com\/?post_type=product&#038;p=27027"},"modified":"2026-02-16T08:33:37","modified_gmt":"2026-02-16T07:33:37","slug":"magdalenas-6-unidades-copia","status":"publish","type":"product","link":"https:\/\/obradorglutenfree.com\/es\/prod\/magdalenas-6-unidades-copia\/","title":{"rendered":"Coca de magdalena con chips de xocolata"},"content":{"rendered":"<p>Almid\u00f3n de trigo sin gluten, harina de arroz, <strong>leche sin lactosa<\/strong> semi desnatada, aceite de girasol, az\u00facar, <strong>huevos camperos<\/strong>, impulsor(gasificantes (E450i, E500ii), almid\u00f3n de ma\u00edz)), espesante (E415), bicarbonato, lim\u00f3n, canela, sal, conservante(E202). Chips de chocolate 45,8% de cacao: az\u00facar, pasta de cacao, mantequilla de cacao, dextrosa y emulgentes(E322 lecitina de girasol, E746). Puede contener trazas de soja.  <\/p>\n","protected":false},"excerpt":{"rendered":"<table class=\"taula_al-lergens\" style=\"width: 68px; height: 54px;\" border=\"0\" cellspacing=\"0\" cellpadding=\"0\">\n<tbody>\n<tr style=\"height: 54px;\">\n<td style=\"width: 43.5781px; height: 54px;\"><img loading=\"lazy\" decoding=\"async\" class=\"alignnone size-medium wp-image-25044\" src=\"https:\/\/obradorglutenfree.com\/wp-content\/uploads\/2023\/12\/picto_alerg_lactics.png\" alt=\"Al\u00e9rgenos: l\u00e1cteos\" width=\"32\" height=\"32\" srcset=\"https:\/\/obradorglutenfree.com\/wp-content\/uploads\/2023\/12\/picto_alerg_lactics.png 160w, https:\/\/obradorglutenfree.com\/wp-content\/uploads\/2023\/12\/picto_alerg_lactics-150x150.png 150w, https:\/\/obradorglutenfree.com\/wp-content\/uploads\/2023\/12\/picto_alerg_lactics-100x100.png 100w, https:\/\/obradorglutenfree.com\/wp-content\/uploads\/2023\/12\/picto_alerg_lactics-50x50.png 50w\" sizes=\"(max-width: 32px) 100vw, 32px\" \/><br \/>\nL\u00e1cticos<\/td>\n<td style=\"width: 25.6875px; height: 54px;\"><img loading=\"lazy\" decoding=\"async\" class=\"alignnone size-thumbnail wp-image-25045\" src=\"https:\/\/obradorglutenfree.com\/wp-content\/uploads\/2023\/12\/picto_alerg_ous-150x150.png\" alt=\"Al\u00e9rgenos: huevos\" width=\"32\" height=\"32\" srcset=\"https:\/\/obradorglutenfree.com\/wp-content\/uploads\/2023\/12\/picto_alerg_ous-150x150.png 150w, https:\/\/obradorglutenfree.com\/wp-content\/uploads\/2023\/12\/picto_alerg_ous-100x100.png 100w, https:\/\/obradorglutenfree.com\/wp-content\/uploads\/2023\/12\/picto_alerg_ous-50x50.png 50w, https:\/\/obradorglutenfree.com\/wp-content\/uploads\/2023\/12\/picto_alerg_ous.png 160w\" sizes=\"(max-width: 32px) 100vw, 32px\" \/><br \/>\nHuevos<\/td>\n<\/tr>\n<\/tbody>\n<\/table>\n<p><strong>No apto para veganos<\/strong><\/p>\n<p>&nbsp;<\/p>\n","protected":false},"featured_media":27029,"template":"","meta":{"_et_pb_use_builder":"","_et_pb_old_content":"","_et_gb_content_width":""},"product_brand":[],"product_cat":[44],"product_tag":[],"class_list":{"0":"post-27027","1":"product","2":"type-product","3":"status-publish","4":"has-post-thumbnail","6":"product_cat-bolleria-dulce","8":"first","9":"instock","10":"taxable","11":"shipping-taxable","12":"purchasable","13":"product-type-simple"},"yoast_head":"<!-- This site is optimized with the Yoast SEO plugin v27.2 - https:\/\/yoast.com\/product\/yoast-seo-wordpress\/ -->\n<title>Coca de magdalena con chips de xocolata - Obrador Gluten Free<\/title>\n<meta name=\"robots\" content=\"index, follow, max-snippet:-1, max-image-preview:large, max-video-preview:-1\" \/>\n<link rel=\"canonical\" href=\"https:\/\/obradorglutenfree.com\/es\/prod\/magdalenas-6-unidades-copia\/\" \/>\n<meta property=\"og:locale\" content=\"es_ES\" \/>\n<meta property=\"og:type\" content=\"article\" \/>\n<meta property=\"og:title\" content=\"Coca de magdalena con chips de xocolata - Obrador Gluten Free\" \/>\n<meta property=\"og:description\" content=\"L\u00e1cticos Huevos  No apto para veganos &nbsp;\" \/>\n<meta property=\"og:url\" content=\"https:\/\/obradorglutenfree.com\/es\/prod\/magdalenas-6-unidades-copia\/\" \/>\n<meta property=\"og:site_name\" content=\"Obrador Gluten Free\" \/>\n<meta property=\"article:modified_time\" content=\"2026-02-16T07:33:37+00:00\" \/>\n<meta property=\"og:image\" content=\"https:\/\/obradorglutenfree.com\/wp-content\/uploads\/2026\/02\/Coca-magda-2-image1.jpg\" \/>\n\t<meta property=\"og:image:width\" content=\"1571\" \/>\n\t<meta property=\"og:image:height\" content=\"1233\" \/>\n\t<meta property=\"og:image:type\" content=\"image\/jpeg\" \/>\n<meta name=\"twitter:card\" content=\"summary_large_image\" \/>\n<meta name=\"twitter:label1\" content=\"Tiempo de lectura\" \/>\n\t<meta name=\"twitter:data1\" content=\"1 minuto\" \/>\n<script type=\"application\/ld+json\" class=\"yoast-schema-graph\">{\"@context\":\"https:\/\/schema.org\",\"@graph\":[{\"@type\":\"WebPage\",\"@id\":\"https:\/\/obradorglutenfree.com\/es\/prod\/magdalenas-6-unidades-copia\/\",\"url\":\"https:\/\/obradorglutenfree.com\/es\/prod\/magdalenas-6-unidades-copia\/\",\"name\":\"Coca de magdalena con chips de xocolata - Obrador Gluten Free\",\"isPartOf\":{\"@id\":\"https:\/\/obradorglutenfree.com\/es\/#website\"},\"primaryImageOfPage\":{\"@id\":\"https:\/\/obradorglutenfree.com\/es\/prod\/magdalenas-6-unidades-copia\/#primaryimage\"},\"image\":{\"@id\":\"https:\/\/obradorglutenfree.com\/es\/prod\/magdalenas-6-unidades-copia\/#primaryimage\"},\"thumbnailUrl\":\"https:\/\/obradorglutenfree.com\/wp-content\/uploads\/2026\/02\/Coca-magda-2-image1.jpg\",\"datePublished\":\"2026-02-16T06:17:42+00:00\",\"dateModified\":\"2026-02-16T07:33:37+00:00\",\"breadcrumb\":{\"@id\":\"https:\/\/obradorglutenfree.com\/es\/prod\/magdalenas-6-unidades-copia\/#breadcrumb\"},\"inLanguage\":\"es\",\"potentialAction\":[{\"@type\":\"ReadAction\",\"target\":[\"https:\/\/obradorglutenfree.com\/es\/prod\/magdalenas-6-unidades-copia\/\"]}]},{\"@type\":\"ImageObject\",\"inLanguage\":\"es\",\"@id\":\"https:\/\/obradorglutenfree.com\/es\/prod\/magdalenas-6-unidades-copia\/#primaryimage\",\"url\":\"https:\/\/obradorglutenfree.com\/wp-content\/uploads\/2026\/02\/Coca-magda-2-image1.jpg\",\"contentUrl\":\"https:\/\/obradorglutenfree.com\/wp-content\/uploads\/2026\/02\/Coca-magda-2-image1.jpg\",\"width\":1571,\"height\":1233},{\"@type\":\"BreadcrumbList\",\"@id\":\"https:\/\/obradorglutenfree.com\/es\/prod\/magdalenas-6-unidades-copia\/#breadcrumb\",\"itemListElement\":[{\"@type\":\"ListItem\",\"position\":1,\"name\":\"Inici\",\"item\":\"https:\/\/obradorglutenfree.com\/es\/\"},{\"@type\":\"ListItem\",\"position\":2,\"name\":\"Tienda\",\"item\":\"https:\/\/obradorglutenfree.com\/es\/tienda\/\"},{\"@type\":\"ListItem\",\"position\":3,\"name\":\"Coca de magdalena con chips de xocolata\"}]},{\"@type\":\"WebSite\",\"@id\":\"https:\/\/obradorglutenfree.com\/es\/#website\",\"url\":\"https:\/\/obradorglutenfree.com\/es\/\",\"name\":\"Obrador Gluten Free\",\"description\":\"\",\"potentialAction\":[{\"@type\":\"SearchAction\",\"target\":{\"@type\":\"EntryPoint\",\"urlTemplate\":\"https:\/\/obradorglutenfree.com\/es\/?s={search_term_string}\"},\"query-input\":{\"@type\":\"PropertyValueSpecification\",\"valueRequired\":true,\"valueName\":\"search_term_string\"}}],\"inLanguage\":\"es\"}]}<\/script>\n<!-- \/ Yoast SEO plugin. -->","yoast_head_json":{"title":"Coca de magdalena con chips de xocolata - Obrador Gluten Free","robots":{"index":"index","follow":"follow","max-snippet":"max-snippet:-1","max-image-preview":"max-image-preview:large","max-video-preview":"max-video-preview:-1"},"canonical":"https:\/\/obradorglutenfree.com\/es\/prod\/magdalenas-6-unidades-copia\/","og_locale":"es_ES","og_type":"article","og_title":"Coca de magdalena con chips de xocolata - Obrador Gluten Free","og_description":"L\u00e1cticos Huevos  No apto para veganos &nbsp;","og_url":"https:\/\/obradorglutenfree.com\/es\/prod\/magdalenas-6-unidades-copia\/","og_site_name":"Obrador Gluten Free","article_modified_time":"2026-02-16T07:33:37+00:00","og_image":[{"width":1571,"height":1233,"url":"https:\/\/obradorglutenfree.com\/wp-content\/uploads\/2026\/02\/Coca-magda-2-image1.jpg","type":"image\/jpeg"}],"twitter_card":"summary_large_image","twitter_misc":{"Tiempo de lectura":"1 minuto"},"schema":{"@context":"https:\/\/schema.org","@graph":[{"@type":"WebPage","@id":"https:\/\/obradorglutenfree.com\/es\/prod\/magdalenas-6-unidades-copia\/","url":"https:\/\/obradorglutenfree.com\/es\/prod\/magdalenas-6-unidades-copia\/","name":"Coca de magdalena con chips de xocolata - Obrador Gluten Free","isPartOf":{"@id":"https:\/\/obradorglutenfree.com\/es\/#website"},"primaryImageOfPage":{"@id":"https:\/\/obradorglutenfree.com\/es\/prod\/magdalenas-6-unidades-copia\/#primaryimage"},"image":{"@id":"https:\/\/obradorglutenfree.com\/es\/prod\/magdalenas-6-unidades-copia\/#primaryimage"},"thumbnailUrl":"https:\/\/obradorglutenfree.com\/wp-content\/uploads\/2026\/02\/Coca-magda-2-image1.jpg","datePublished":"2026-02-16T06:17:42+00:00","dateModified":"2026-02-16T07:33:37+00:00","breadcrumb":{"@id":"https:\/\/obradorglutenfree.com\/es\/prod\/magdalenas-6-unidades-copia\/#breadcrumb"},"inLanguage":"es","potentialAction":[{"@type":"ReadAction","target":["https:\/\/obradorglutenfree.com\/es\/prod\/magdalenas-6-unidades-copia\/"]}]},{"@type":"ImageObject","inLanguage":"es","@id":"https:\/\/obradorglutenfree.com\/es\/prod\/magdalenas-6-unidades-copia\/#primaryimage","url":"https:\/\/obradorglutenfree.com\/wp-content\/uploads\/2026\/02\/Coca-magda-2-image1.jpg","contentUrl":"https:\/\/obradorglutenfree.com\/wp-content\/uploads\/2026\/02\/Coca-magda-2-image1.jpg","width":1571,"height":1233},{"@type":"BreadcrumbList","@id":"https:\/\/obradorglutenfree.com\/es\/prod\/magdalenas-6-unidades-copia\/#breadcrumb","itemListElement":[{"@type":"ListItem","position":1,"name":"Inici","item":"https:\/\/obradorglutenfree.com\/es\/"},{"@type":"ListItem","position":2,"name":"Tienda","item":"https:\/\/obradorglutenfree.com\/es\/tienda\/"},{"@type":"ListItem","position":3,"name":"Coca de magdalena con chips de xocolata"}]},{"@type":"WebSite","@id":"https:\/\/obradorglutenfree.com\/es\/#website","url":"https:\/\/obradorglutenfree.com\/es\/","name":"Obrador Gluten Free","description":"","potentialAction":[{"@type":"SearchAction","target":{"@type":"EntryPoint","urlTemplate":"https:\/\/obradorglutenfree.com\/es\/?s={search_term_string}"},"query-input":{"@type":"PropertyValueSpecification","valueRequired":true,"valueName":"search_term_string"}}],"inLanguage":"es"}]}},"_links":{"self":[{"href":"https:\/\/obradorglutenfree.com\/es\/wp-json\/wp\/v2\/product\/27027","targetHints":{"allow":["GET"]}}],"collection":[{"href":"https:\/\/obradorglutenfree.com\/es\/wp-json\/wp\/v2\/product"}],"about":[{"href":"https:\/\/obradorglutenfree.com\/es\/wp-json\/wp\/v2\/types\/product"}],"wp:featuredmedia":[{"embeddable":true,"href":"https:\/\/obradorglutenfree.com\/es\/wp-json\/wp\/v2\/media\/27029"}],"wp:attachment":[{"href":"https:\/\/obradorglutenfree.com\/es\/wp-json\/wp\/v2\/media?parent=27027"}],"wp:term":[{"taxonomy":"product_brand","embeddable":true,"href":"https:\/\/obradorglutenfree.com\/es\/wp-json\/wp\/v2\/product_brand?post=27027"},{"taxonomy":"product_cat","embeddable":true,"href":"https:\/\/obradorglutenfree.com\/es\/wp-json\/wp\/v2\/product_cat?post=27027"},{"taxonomy":"product_tag","embeddable":true,"href":"https:\/\/obradorglutenfree.com\/es\/wp-json\/wp\/v2\/product_tag?post=27027"}],"curies":[{"name":"wp","href":"https:\/\/api.w.org\/{rel}","templated":true}]}}