{"id":26990,"date":"2026-02-04T07:04:54","date_gmt":"2026-02-04T06:04:54","guid":{"rendered":"https:\/\/obradorglutenfree.com\/?post_type=product&#038;p=26990"},"modified":"2026-02-05T06:37:13","modified_gmt":"2026-02-05T05:37:13","slug":"pasta-de-hojaldre-con-manzana-y-crema-pastelera-copia","status":"publish","type":"product","link":"https:\/\/obradorglutenfree.com\/es\/prod\/pasta-de-hojaldre-con-manzana-y-crema-pastelera-copia\/","title":{"rendered":"Pasta de hojaldre con chicharrones"},"content":{"rendered":"<p>Almid\u00f3n de trigo sin gluten, agua, margarina ((aceites y grasas vegetales (palma, girasol alto oleico), agua, emulsionantes (E471, E475, lecitinas), sal)), aromas, zumo de lim\u00f3n concentrado, colorante (beta-caroteno)), huevos aldeanos, harina de arroz, az\u00facar, mantequilla sin lactosa, chicharrones, espesante (E415), plantago ovata, gasificantes (E450i, E500ii), almid\u00f3n de ma\u00edz)), sal, conservante (E202).<\/p>\n<p>&nbsp;<\/p>\n","protected":false},"excerpt":{"rendered":"<table class=\"taula_al-lergens\" style=\"width: 72px; height: 60px;\" border=\"0\" cellspacing=\"0\" cellpadding=\"0\">\n<tbody>\n<tr style=\"height: 60px;\">\n<td style=\"width: 43.5781px; height: 60px;\"><img loading=\"lazy\" decoding=\"async\" class=\"alignnone size-medium wp-image-25044\" src=\"https:\/\/obradorglutenfree.com\/wp-content\/uploads\/2023\/12\/picto_alerg_lactics.png\" alt=\"Al\u00e9rgenos: l\u00e1cteos\" width=\"32\" height=\"32\" srcset=\"https:\/\/obradorglutenfree.com\/wp-content\/uploads\/2023\/12\/picto_alerg_lactics.png 160w, https:\/\/obradorglutenfree.com\/wp-content\/uploads\/2023\/12\/picto_alerg_lactics-150x150.png 150w, https:\/\/obradorglutenfree.com\/wp-content\/uploads\/2023\/12\/picto_alerg_lactics-100x100.png 100w, https:\/\/obradorglutenfree.com\/wp-content\/uploads\/2023\/12\/picto_alerg_lactics-50x50.png 50w\" sizes=\"(max-width: 32px) 100vw, 32px\" \/><br \/>\nL\u00e1cticos<\/td>\n<td style=\"width: 29.5781px; height: 60px;\"><img loading=\"lazy\" decoding=\"async\" class=\"alignnone wp-image-25045\" src=\"https:\/\/obradorglutenfree.com\/wp-content\/uploads\/2023\/12\/picto_alerg_ous-150x150.png\" alt=\"Al\u00e9rgenos: huevos\" width=\"34\" height=\"34\" srcset=\"https:\/\/obradorglutenfree.com\/wp-content\/uploads\/2023\/12\/picto_alerg_ous-150x150.png 150w, https:\/\/obradorglutenfree.com\/wp-content\/uploads\/2023\/12\/picto_alerg_ous-100x100.png 100w, https:\/\/obradorglutenfree.com\/wp-content\/uploads\/2023\/12\/picto_alerg_ous-50x50.png 50w, https:\/\/obradorglutenfree.com\/wp-content\/uploads\/2023\/12\/picto_alerg_ous.png 160w\" sizes=\"(max-width: 34px) 100vw, 34px\" \/><br \/>\nHuevos<\/td>\n<\/tr>\n<\/tbody>\n<\/table>\n<p><strong>No apto para veganos<\/strong><\/p>\n","protected":false},"featured_media":26996,"template":"","meta":{"_et_pb_use_builder":"","_et_pb_old_content":"","_et_gb_content_width":""},"product_brand":[],"product_cat":[44],"product_tag":[],"class_list":{"0":"post-26990","1":"product","2":"type-product","3":"status-publish","4":"has-post-thumbnail","6":"product_cat-bolleria-dulce","8":"first","9":"instock","10":"taxable","11":"shipping-taxable","12":"purchasable","13":"product-type-simple"},"yoast_head":"<!-- This site is optimized with the Yoast SEO plugin v27.4 - https:\/\/yoast.com\/product\/yoast-seo-wordpress\/ -->\n<title>Pasta de hojaldre con chicharrones - Obrador Gluten Free<\/title>\n<meta name=\"robots\" content=\"index, follow, max-snippet:-1, max-image-preview:large, max-video-preview:-1\" \/>\n<link rel=\"canonical\" href=\"https:\/\/obradorglutenfree.com\/es\/prod\/pasta-de-hojaldre-con-manzana-y-crema-pastelera-copia\/\" \/>\n<meta property=\"og:locale\" content=\"es_ES\" \/>\n<meta property=\"og:type\" content=\"article\" \/>\n<meta property=\"og:title\" content=\"Pasta de hojaldre con chicharrones - Obrador Gluten Free\" \/>\n<meta property=\"og:description\" content=\"L\u00e1cticos Huevos  No apto para veganos\" \/>\n<meta property=\"og:url\" content=\"https:\/\/obradorglutenfree.com\/es\/prod\/pasta-de-hojaldre-con-manzana-y-crema-pastelera-copia\/\" \/>\n<meta property=\"og:site_name\" content=\"Obrador Gluten Free\" \/>\n<meta property=\"article:modified_time\" content=\"2026-02-05T05:37:13+00:00\" \/>\n<meta property=\"og:image\" content=\"https:\/\/obradorglutenfree.com\/wp-content\/uploads\/2026\/02\/coca-llardons-5-image4-2.jpg\" \/>\n\t<meta property=\"og:image:width\" content=\"1571\" \/>\n\t<meta property=\"og:image:height\" content=\"1233\" \/>\n\t<meta property=\"og:image:type\" content=\"image\/jpeg\" \/>\n<meta name=\"twitter:card\" content=\"summary_large_image\" \/>\n<meta name=\"twitter:label1\" content=\"Tiempo de lectura\" \/>\n\t<meta name=\"twitter:data1\" content=\"1 minuto\" \/>\n<script type=\"application\/ld+json\" class=\"yoast-schema-graph\">{\"@context\":\"https:\\\/\\\/schema.org\",\"@graph\":[{\"@type\":\"WebPage\",\"@id\":\"https:\\\/\\\/obradorglutenfree.com\\\/es\\\/prod\\\/pasta-de-hojaldre-con-manzana-y-crema-pastelera-copia\\\/\",\"url\":\"https:\\\/\\\/obradorglutenfree.com\\\/es\\\/prod\\\/pasta-de-hojaldre-con-manzana-y-crema-pastelera-copia\\\/\",\"name\":\"Pasta de hojaldre con chicharrones - Obrador Gluten Free\",\"isPartOf\":{\"@id\":\"https:\\\/\\\/obradorglutenfree.com\\\/es\\\/#website\"},\"primaryImageOfPage\":{\"@id\":\"https:\\\/\\\/obradorglutenfree.com\\\/es\\\/prod\\\/pasta-de-hojaldre-con-manzana-y-crema-pastelera-copia\\\/#primaryimage\"},\"image\":{\"@id\":\"https:\\\/\\\/obradorglutenfree.com\\\/es\\\/prod\\\/pasta-de-hojaldre-con-manzana-y-crema-pastelera-copia\\\/#primaryimage\"},\"thumbnailUrl\":\"https:\\\/\\\/obradorglutenfree.com\\\/wp-content\\\/uploads\\\/2026\\\/02\\\/coca-llardons-5-image4-2.jpg\",\"datePublished\":\"2026-02-04T06:04:54+00:00\",\"dateModified\":\"2026-02-05T05:37:13+00:00\",\"breadcrumb\":{\"@id\":\"https:\\\/\\\/obradorglutenfree.com\\\/es\\\/prod\\\/pasta-de-hojaldre-con-manzana-y-crema-pastelera-copia\\\/#breadcrumb\"},\"inLanguage\":\"es\",\"potentialAction\":[{\"@type\":\"ReadAction\",\"target\":[\"https:\\\/\\\/obradorglutenfree.com\\\/es\\\/prod\\\/pasta-de-hojaldre-con-manzana-y-crema-pastelera-copia\\\/\"]}]},{\"@type\":\"ImageObject\",\"inLanguage\":\"es\",\"@id\":\"https:\\\/\\\/obradorglutenfree.com\\\/es\\\/prod\\\/pasta-de-hojaldre-con-manzana-y-crema-pastelera-copia\\\/#primaryimage\",\"url\":\"https:\\\/\\\/obradorglutenfree.com\\\/wp-content\\\/uploads\\\/2026\\\/02\\\/coca-llardons-5-image4-2.jpg\",\"contentUrl\":\"https:\\\/\\\/obradorglutenfree.com\\\/wp-content\\\/uploads\\\/2026\\\/02\\\/coca-llardons-5-image4-2.jpg\",\"width\":1571,\"height\":1233},{\"@type\":\"BreadcrumbList\",\"@id\":\"https:\\\/\\\/obradorglutenfree.com\\\/es\\\/prod\\\/pasta-de-hojaldre-con-manzana-y-crema-pastelera-copia\\\/#breadcrumb\",\"itemListElement\":[{\"@type\":\"ListItem\",\"position\":1,\"name\":\"Inici\",\"item\":\"https:\\\/\\\/obradorglutenfree.com\\\/es\\\/\"},{\"@type\":\"ListItem\",\"position\":2,\"name\":\"Tienda\",\"item\":\"https:\\\/\\\/obradorglutenfree.com\\\/es\\\/tienda\\\/\"},{\"@type\":\"ListItem\",\"position\":3,\"name\":\"Pasta de hojaldre con chicharrones\"}]},{\"@type\":\"WebSite\",\"@id\":\"https:\\\/\\\/obradorglutenfree.com\\\/es\\\/#website\",\"url\":\"https:\\\/\\\/obradorglutenfree.com\\\/es\\\/\",\"name\":\"Obrador Gluten Free\",\"description\":\"\",\"potentialAction\":[{\"@type\":\"SearchAction\",\"target\":{\"@type\":\"EntryPoint\",\"urlTemplate\":\"https:\\\/\\\/obradorglutenfree.com\\\/es\\\/?s={search_term_string}\"},\"query-input\":{\"@type\":\"PropertyValueSpecification\",\"valueRequired\":true,\"valueName\":\"search_term_string\"}}],\"inLanguage\":\"es\"}]}<\/script>\n<!-- \/ Yoast SEO plugin. -->","yoast_head_json":{"title":"Pasta de hojaldre con chicharrones - Obrador Gluten Free","robots":{"index":"index","follow":"follow","max-snippet":"max-snippet:-1","max-image-preview":"max-image-preview:large","max-video-preview":"max-video-preview:-1"},"canonical":"https:\/\/obradorglutenfree.com\/es\/prod\/pasta-de-hojaldre-con-manzana-y-crema-pastelera-copia\/","og_locale":"es_ES","og_type":"article","og_title":"Pasta de hojaldre con chicharrones - Obrador Gluten Free","og_description":"L\u00e1cticos Huevos  No apto para veganos","og_url":"https:\/\/obradorglutenfree.com\/es\/prod\/pasta-de-hojaldre-con-manzana-y-crema-pastelera-copia\/","og_site_name":"Obrador Gluten Free","article_modified_time":"2026-02-05T05:37:13+00:00","og_image":[{"width":1571,"height":1233,"url":"https:\/\/obradorglutenfree.com\/wp-content\/uploads\/2026\/02\/coca-llardons-5-image4-2.jpg","type":"image\/jpeg"}],"twitter_card":"summary_large_image","twitter_misc":{"Tiempo de lectura":"1 minuto"},"schema":{"@context":"https:\/\/schema.org","@graph":[{"@type":"WebPage","@id":"https:\/\/obradorglutenfree.com\/es\/prod\/pasta-de-hojaldre-con-manzana-y-crema-pastelera-copia\/","url":"https:\/\/obradorglutenfree.com\/es\/prod\/pasta-de-hojaldre-con-manzana-y-crema-pastelera-copia\/","name":"Pasta de hojaldre con chicharrones - Obrador Gluten Free","isPartOf":{"@id":"https:\/\/obradorglutenfree.com\/es\/#website"},"primaryImageOfPage":{"@id":"https:\/\/obradorglutenfree.com\/es\/prod\/pasta-de-hojaldre-con-manzana-y-crema-pastelera-copia\/#primaryimage"},"image":{"@id":"https:\/\/obradorglutenfree.com\/es\/prod\/pasta-de-hojaldre-con-manzana-y-crema-pastelera-copia\/#primaryimage"},"thumbnailUrl":"https:\/\/obradorglutenfree.com\/wp-content\/uploads\/2026\/02\/coca-llardons-5-image4-2.jpg","datePublished":"2026-02-04T06:04:54+00:00","dateModified":"2026-02-05T05:37:13+00:00","breadcrumb":{"@id":"https:\/\/obradorglutenfree.com\/es\/prod\/pasta-de-hojaldre-con-manzana-y-crema-pastelera-copia\/#breadcrumb"},"inLanguage":"es","potentialAction":[{"@type":"ReadAction","target":["https:\/\/obradorglutenfree.com\/es\/prod\/pasta-de-hojaldre-con-manzana-y-crema-pastelera-copia\/"]}]},{"@type":"ImageObject","inLanguage":"es","@id":"https:\/\/obradorglutenfree.com\/es\/prod\/pasta-de-hojaldre-con-manzana-y-crema-pastelera-copia\/#primaryimage","url":"https:\/\/obradorglutenfree.com\/wp-content\/uploads\/2026\/02\/coca-llardons-5-image4-2.jpg","contentUrl":"https:\/\/obradorglutenfree.com\/wp-content\/uploads\/2026\/02\/coca-llardons-5-image4-2.jpg","width":1571,"height":1233},{"@type":"BreadcrumbList","@id":"https:\/\/obradorglutenfree.com\/es\/prod\/pasta-de-hojaldre-con-manzana-y-crema-pastelera-copia\/#breadcrumb","itemListElement":[{"@type":"ListItem","position":1,"name":"Inici","item":"https:\/\/obradorglutenfree.com\/es\/"},{"@type":"ListItem","position":2,"name":"Tienda","item":"https:\/\/obradorglutenfree.com\/es\/tienda\/"},{"@type":"ListItem","position":3,"name":"Pasta de hojaldre con chicharrones"}]},{"@type":"WebSite","@id":"https:\/\/obradorglutenfree.com\/es\/#website","url":"https:\/\/obradorglutenfree.com\/es\/","name":"Obrador Gluten Free","description":"","potentialAction":[{"@type":"SearchAction","target":{"@type":"EntryPoint","urlTemplate":"https:\/\/obradorglutenfree.com\/es\/?s={search_term_string}"},"query-input":{"@type":"PropertyValueSpecification","valueRequired":true,"valueName":"search_term_string"}}],"inLanguage":"es"}]}},"_links":{"self":[{"href":"https:\/\/obradorglutenfree.com\/es\/wp-json\/wp\/v2\/product\/26990","targetHints":{"allow":["GET"]}}],"collection":[{"href":"https:\/\/obradorglutenfree.com\/es\/wp-json\/wp\/v2\/product"}],"about":[{"href":"https:\/\/obradorglutenfree.com\/es\/wp-json\/wp\/v2\/types\/product"}],"wp:featuredmedia":[{"embeddable":true,"href":"https:\/\/obradorglutenfree.com\/es\/wp-json\/wp\/v2\/media\/26996"}],"wp:attachment":[{"href":"https:\/\/obradorglutenfree.com\/es\/wp-json\/wp\/v2\/media?parent=26990"}],"wp:term":[{"taxonomy":"product_brand","embeddable":true,"href":"https:\/\/obradorglutenfree.com\/es\/wp-json\/wp\/v2\/product_brand?post=26990"},{"taxonomy":"product_cat","embeddable":true,"href":"https:\/\/obradorglutenfree.com\/es\/wp-json\/wp\/v2\/product_cat?post=26990"},{"taxonomy":"product_tag","embeddable":true,"href":"https:\/\/obradorglutenfree.com\/es\/wp-json\/wp\/v2\/product_tag?post=26990"}],"curies":[{"name":"wp","href":"https:\/\/api.w.org\/{rel}","templated":true}]}}