{"id":26659,"date":"2025-12-30T11:10:48","date_gmt":"2025-12-30T10:10:48","guid":{"rendered":"https:\/\/obradorglutenfree.com\/?post_type=product&#038;p=26659"},"modified":"2026-01-16T08:06:23","modified_gmt":"2026-01-16T07:06:23","slug":"ensaimada-con-crema-de-chocolate","status":"publish","type":"product","link":"https:\/\/obradorglutenfree.com\/es\/prod\/ensaimada-con-crema-de-chocolate\/","title":{"rendered":"Ensaimada con crema de chocolate"},"content":{"rendered":"<p>Almid\u00f3n de trigo sin gluten, agua, manteca de cerdo ( manteca de cerdo, antioxidantes (E320, E321), emulsionante (E471), <strong>huevos camperos<\/strong>, harina de arroz, az\u00facar, levadura, espesantes (E415, E412), impulsor (gasificantes E450i, E500ii), almid\u00f3n de ma\u00edz)) ,plantago ovata, sal.<\/p>\n<p>Crema de Chocolate: az\u00facar, grasa vegetal (palma, girasol, karit\u00e9, colza),\u00a0<strong>leche\u00a0<\/strong>desnatada en polvo (12%), pasta de\u00a0<strong>avellanas<\/strong>\u00a0(11%), cacao desgrasado en polvo (4,5%), emulgente (lecitina de\u00a0<strong>soja<\/strong>), aroma de vainilla.<\/p>\n<p>Fideos de chocolate: az\u00facar, grasa vegetal hidrogenada (palmist), cacao en polvo desengrasado, jarabe de az\u00facares, emulgente (lecitina de\u00a0<strong>soja<\/strong>), agente de recubrimiento (E-904), aroma, vainilla.<\/p>\n","protected":false},"excerpt":{"rendered":"<table class=\"taula_al-lergens\" style=\"width: 222px; height: 66px;\" border=\"0\" cellspacing=\"0\" cellpadding=\"0\">\n<tbody>\n<tr style=\"height: 93px;\">\n<td style=\"width: 49.2188px; height: 66px;\">\u00a0 <img loading=\"lazy\" decoding=\"async\" class=\"alignnone size-medium wp-image-25044\" src=\"https:\/\/obradorglutenfree.com\/wp-content\/uploads\/2023\/12\/picto_alerg_lactics.png\" alt=\"Al\u00e8rgens: l\u00e0ctics\" width=\"32\" height=\"32\" srcset=\"https:\/\/obradorglutenfree.com\/wp-content\/uploads\/2023\/12\/picto_alerg_lactics.png 160w, https:\/\/obradorglutenfree.com\/wp-content\/uploads\/2023\/12\/picto_alerg_lactics-150x150.png 150w, https:\/\/obradorglutenfree.com\/wp-content\/uploads\/2023\/12\/picto_alerg_lactics-100x100.png 100w, https:\/\/obradorglutenfree.com\/wp-content\/uploads\/2023\/12\/picto_alerg_lactics-50x50.png 50w\" sizes=\"(max-width: 32px) 100vw, 32px\" \/><br \/>\nL\u00e1cteos<\/td>\n<td style=\"width: 36.125px; height: 66px;\">\u00a0<img loading=\"lazy\" decoding=\"async\" class=\"alignnone size-thumbnail wp-image-25045\" src=\"https:\/\/obradorglutenfree.com\/wp-content\/uploads\/2023\/12\/picto_alerg_soja-150x150.png\" alt=\"Al\u00e8rgens: Soja\" width=\"32\" height=\"32\" \/><br \/>\nSoja<\/td>\n<td style=\"width: 81.2969px; height: 66px;\">\u00a0 \u00a0 \u00a0<img loading=\"lazy\" decoding=\"async\" class=\"alignnone size-thumbnail wp-image-25045\" src=\"https:\/\/obradorglutenfree.com\/wp-content\/uploads\/2023\/12\/picto_alerg_fruits-secs.png\" alt=\"Al\u00e8rgens: fruits de closca\" width=\"32\" height=\"32\" \/><br \/>\nFrutos secos<\/td>\n<td style=\"width: 45.3594px; height: 66px;\">\u00a0<img loading=\"lazy\" decoding=\"async\" class=\"alignnone size-thumbnail wp-image-25045\" src=\"https:\/\/obradorglutenfree.com\/wp-content\/uploads\/2023\/12\/picto_alerg_ous-150x150.png\" alt=\"Al\u00e8rgens: ous\" width=\"32\" height=\"32\" srcset=\"https:\/\/obradorglutenfree.com\/wp-content\/uploads\/2023\/12\/picto_alerg_ous-150x150.png 150w, https:\/\/obradorglutenfree.com\/wp-content\/uploads\/2023\/12\/picto_alerg_ous-100x100.png 100w, https:\/\/obradorglutenfree.com\/wp-content\/uploads\/2023\/12\/picto_alerg_ous-50x50.png 50w, https:\/\/obradorglutenfree.com\/wp-content\/uploads\/2023\/12\/picto_alerg_ous.png 160w\" sizes=\"(max-width: 32px) 100vw, 32px\" \/><br \/>\nhuevos<\/td>\n<\/tr>\n<\/tbody>\n<\/table>\n<p><strong>No apto para veganos<\/strong><\/p>\n","protected":false},"featured_media":26657,"template":"","meta":{"_et_pb_use_builder":"","_et_pb_old_content":"","_et_gb_content_width":""},"product_brand":[],"product_cat":[44],"product_tag":[],"class_list":{"0":"post-26659","1":"product","2":"type-product","3":"status-publish","4":"has-post-thumbnail","6":"product_cat-bolleria-dulce","8":"first","9":"instock","10":"taxable","11":"shipping-taxable","12":"purchasable","13":"product-type-simple"},"yoast_head":"<!-- This site is optimized with the Yoast SEO plugin v27.4 - https:\/\/yoast.com\/product\/yoast-seo-wordpress\/ -->\n<title>Ensaimada con crema de chocolate - Obrador Gluten Free<\/title>\n<meta name=\"robots\" content=\"index, follow, max-snippet:-1, max-image-preview:large, max-video-preview:-1\" \/>\n<link rel=\"canonical\" href=\"https:\/\/obradorglutenfree.com\/es\/prod\/ensaimada-con-crema-de-chocolate\/\" \/>\n<meta property=\"og:locale\" content=\"es_ES\" \/>\n<meta property=\"og:type\" content=\"article\" \/>\n<meta property=\"og:title\" content=\"Ensaimada con crema de chocolate - Obrador Gluten Free\" \/>\n<meta property=\"og:description\" content=\"\u00a0  L\u00e1cteos \u00a0 Soja \u00a0 \u00a0 \u00a0 Frutos secos \u00a0 huevos    No apto para veganos\" \/>\n<meta property=\"og:url\" content=\"https:\/\/obradorglutenfree.com\/es\/prod\/ensaimada-con-crema-de-chocolate\/\" \/>\n<meta property=\"og:site_name\" content=\"Obrador Gluten Free\" \/>\n<meta property=\"article:modified_time\" content=\"2026-01-16T07:06:23+00:00\" \/>\n<meta property=\"og:image\" content=\"https:\/\/obradorglutenfree.com\/wp-content\/uploads\/2025\/12\/ensaimada-xoco-IMG_5992.jpg\" \/>\n\t<meta property=\"og:image:width\" content=\"1571\" \/>\n\t<meta property=\"og:image:height\" content=\"1233\" \/>\n\t<meta property=\"og:image:type\" content=\"image\/jpeg\" \/>\n<meta name=\"twitter:card\" content=\"summary_large_image\" \/>\n<meta name=\"twitter:label1\" content=\"Tiempo de lectura\" \/>\n\t<meta name=\"twitter:data1\" content=\"1 minuto\" \/>\n<script type=\"application\/ld+json\" class=\"yoast-schema-graph\">{\"@context\":\"https:\\\/\\\/schema.org\",\"@graph\":[{\"@type\":\"WebPage\",\"@id\":\"https:\\\/\\\/obradorglutenfree.com\\\/es\\\/prod\\\/ensaimada-con-crema-de-chocolate\\\/\",\"url\":\"https:\\\/\\\/obradorglutenfree.com\\\/es\\\/prod\\\/ensaimada-con-crema-de-chocolate\\\/\",\"name\":\"Ensaimada con crema de chocolate - Obrador Gluten Free\",\"isPartOf\":{\"@id\":\"https:\\\/\\\/obradorglutenfree.com\\\/es\\\/#website\"},\"primaryImageOfPage\":{\"@id\":\"https:\\\/\\\/obradorglutenfree.com\\\/es\\\/prod\\\/ensaimada-con-crema-de-chocolate\\\/#primaryimage\"},\"image\":{\"@id\":\"https:\\\/\\\/obradorglutenfree.com\\\/es\\\/prod\\\/ensaimada-con-crema-de-chocolate\\\/#primaryimage\"},\"thumbnailUrl\":\"https:\\\/\\\/obradorglutenfree.com\\\/wp-content\\\/uploads\\\/2025\\\/12\\\/ensaimada-xoco-IMG_5992.jpg\",\"datePublished\":\"2025-12-30T10:10:48+00:00\",\"dateModified\":\"2026-01-16T07:06:23+00:00\",\"breadcrumb\":{\"@id\":\"https:\\\/\\\/obradorglutenfree.com\\\/es\\\/prod\\\/ensaimada-con-crema-de-chocolate\\\/#breadcrumb\"},\"inLanguage\":\"es\",\"potentialAction\":[{\"@type\":\"ReadAction\",\"target\":[\"https:\\\/\\\/obradorglutenfree.com\\\/es\\\/prod\\\/ensaimada-con-crema-de-chocolate\\\/\"]}]},{\"@type\":\"ImageObject\",\"inLanguage\":\"es\",\"@id\":\"https:\\\/\\\/obradorglutenfree.com\\\/es\\\/prod\\\/ensaimada-con-crema-de-chocolate\\\/#primaryimage\",\"url\":\"https:\\\/\\\/obradorglutenfree.com\\\/wp-content\\\/uploads\\\/2025\\\/12\\\/ensaimada-xoco-IMG_5992.jpg\",\"contentUrl\":\"https:\\\/\\\/obradorglutenfree.com\\\/wp-content\\\/uploads\\\/2025\\\/12\\\/ensaimada-xoco-IMG_5992.jpg\",\"width\":1571,\"height\":1233},{\"@type\":\"BreadcrumbList\",\"@id\":\"https:\\\/\\\/obradorglutenfree.com\\\/es\\\/prod\\\/ensaimada-con-crema-de-chocolate\\\/#breadcrumb\",\"itemListElement\":[{\"@type\":\"ListItem\",\"position\":1,\"name\":\"Inici\",\"item\":\"https:\\\/\\\/obradorglutenfree.com\\\/es\\\/\"},{\"@type\":\"ListItem\",\"position\":2,\"name\":\"Tienda\",\"item\":\"https:\\\/\\\/obradorglutenfree.com\\\/es\\\/tienda\\\/\"},{\"@type\":\"ListItem\",\"position\":3,\"name\":\"Ensaimada con crema de chocolate\"}]},{\"@type\":\"WebSite\",\"@id\":\"https:\\\/\\\/obradorglutenfree.com\\\/es\\\/#website\",\"url\":\"https:\\\/\\\/obradorglutenfree.com\\\/es\\\/\",\"name\":\"Obrador Gluten Free\",\"description\":\"\",\"potentialAction\":[{\"@type\":\"SearchAction\",\"target\":{\"@type\":\"EntryPoint\",\"urlTemplate\":\"https:\\\/\\\/obradorglutenfree.com\\\/es\\\/?s={search_term_string}\"},\"query-input\":{\"@type\":\"PropertyValueSpecification\",\"valueRequired\":true,\"valueName\":\"search_term_string\"}}],\"inLanguage\":\"es\"}]}<\/script>\n<!-- \/ Yoast SEO plugin. -->","yoast_head_json":{"title":"Ensaimada con crema de chocolate - Obrador Gluten Free","robots":{"index":"index","follow":"follow","max-snippet":"max-snippet:-1","max-image-preview":"max-image-preview:large","max-video-preview":"max-video-preview:-1"},"canonical":"https:\/\/obradorglutenfree.com\/es\/prod\/ensaimada-con-crema-de-chocolate\/","og_locale":"es_ES","og_type":"article","og_title":"Ensaimada con crema de chocolate - Obrador Gluten Free","og_description":"\u00a0  L\u00e1cteos \u00a0 Soja \u00a0 \u00a0 \u00a0 Frutos secos \u00a0 huevos    No apto para veganos","og_url":"https:\/\/obradorglutenfree.com\/es\/prod\/ensaimada-con-crema-de-chocolate\/","og_site_name":"Obrador Gluten Free","article_modified_time":"2026-01-16T07:06:23+00:00","og_image":[{"width":1571,"height":1233,"url":"https:\/\/obradorglutenfree.com\/wp-content\/uploads\/2025\/12\/ensaimada-xoco-IMG_5992.jpg","type":"image\/jpeg"}],"twitter_card":"summary_large_image","twitter_misc":{"Tiempo de lectura":"1 minuto"},"schema":{"@context":"https:\/\/schema.org","@graph":[{"@type":"WebPage","@id":"https:\/\/obradorglutenfree.com\/es\/prod\/ensaimada-con-crema-de-chocolate\/","url":"https:\/\/obradorglutenfree.com\/es\/prod\/ensaimada-con-crema-de-chocolate\/","name":"Ensaimada con crema de chocolate - Obrador Gluten Free","isPartOf":{"@id":"https:\/\/obradorglutenfree.com\/es\/#website"},"primaryImageOfPage":{"@id":"https:\/\/obradorglutenfree.com\/es\/prod\/ensaimada-con-crema-de-chocolate\/#primaryimage"},"image":{"@id":"https:\/\/obradorglutenfree.com\/es\/prod\/ensaimada-con-crema-de-chocolate\/#primaryimage"},"thumbnailUrl":"https:\/\/obradorglutenfree.com\/wp-content\/uploads\/2025\/12\/ensaimada-xoco-IMG_5992.jpg","datePublished":"2025-12-30T10:10:48+00:00","dateModified":"2026-01-16T07:06:23+00:00","breadcrumb":{"@id":"https:\/\/obradorglutenfree.com\/es\/prod\/ensaimada-con-crema-de-chocolate\/#breadcrumb"},"inLanguage":"es","potentialAction":[{"@type":"ReadAction","target":["https:\/\/obradorglutenfree.com\/es\/prod\/ensaimada-con-crema-de-chocolate\/"]}]},{"@type":"ImageObject","inLanguage":"es","@id":"https:\/\/obradorglutenfree.com\/es\/prod\/ensaimada-con-crema-de-chocolate\/#primaryimage","url":"https:\/\/obradorglutenfree.com\/wp-content\/uploads\/2025\/12\/ensaimada-xoco-IMG_5992.jpg","contentUrl":"https:\/\/obradorglutenfree.com\/wp-content\/uploads\/2025\/12\/ensaimada-xoco-IMG_5992.jpg","width":1571,"height":1233},{"@type":"BreadcrumbList","@id":"https:\/\/obradorglutenfree.com\/es\/prod\/ensaimada-con-crema-de-chocolate\/#breadcrumb","itemListElement":[{"@type":"ListItem","position":1,"name":"Inici","item":"https:\/\/obradorglutenfree.com\/es\/"},{"@type":"ListItem","position":2,"name":"Tienda","item":"https:\/\/obradorglutenfree.com\/es\/tienda\/"},{"@type":"ListItem","position":3,"name":"Ensaimada con crema de chocolate"}]},{"@type":"WebSite","@id":"https:\/\/obradorglutenfree.com\/es\/#website","url":"https:\/\/obradorglutenfree.com\/es\/","name":"Obrador Gluten Free","description":"","potentialAction":[{"@type":"SearchAction","target":{"@type":"EntryPoint","urlTemplate":"https:\/\/obradorglutenfree.com\/es\/?s={search_term_string}"},"query-input":{"@type":"PropertyValueSpecification","valueRequired":true,"valueName":"search_term_string"}}],"inLanguage":"es"}]}},"_links":{"self":[{"href":"https:\/\/obradorglutenfree.com\/es\/wp-json\/wp\/v2\/product\/26659","targetHints":{"allow":["GET"]}}],"collection":[{"href":"https:\/\/obradorglutenfree.com\/es\/wp-json\/wp\/v2\/product"}],"about":[{"href":"https:\/\/obradorglutenfree.com\/es\/wp-json\/wp\/v2\/types\/product"}],"wp:featuredmedia":[{"embeddable":true,"href":"https:\/\/obradorglutenfree.com\/es\/wp-json\/wp\/v2\/media\/26657"}],"wp:attachment":[{"href":"https:\/\/obradorglutenfree.com\/es\/wp-json\/wp\/v2\/media?parent=26659"}],"wp:term":[{"taxonomy":"product_brand","embeddable":true,"href":"https:\/\/obradorglutenfree.com\/es\/wp-json\/wp\/v2\/product_brand?post=26659"},{"taxonomy":"product_cat","embeddable":true,"href":"https:\/\/obradorglutenfree.com\/es\/wp-json\/wp\/v2\/product_cat?post=26659"},{"taxonomy":"product_tag","embeddable":true,"href":"https:\/\/obradorglutenfree.com\/es\/wp-json\/wp\/v2\/product_tag?post=26659"}],"curies":[{"name":"wp","href":"https:\/\/api.w.org\/{rel}","templated":true}]}}