{"id":25479,"date":"2023-12-12T16:23:27","date_gmt":"2023-12-12T15:23:27","guid":{"rendered":"https:\/\/obradorglutenfree.com\/sobre-nosotros\/"},"modified":"2025-12-30T13:56:30","modified_gmt":"2025-12-30T12:56:30","slug":"sobre-nosotros","status":"publish","type":"page","link":"https:\/\/obradorglutenfree.com\/es\/sobre-nosotros\/","title":{"rendered":"Sobre nosotros"},"content":{"rendered":"<p>[et_pb_section fb_built=\u00bb1&#8243; _builder_version=\u00bb4.23.1&#8243; _module_preset=\u00bbdefault\u00bb background_color=\u00bb#d5ae80&#8243; bottom_divider_style=\u00bbwave2&#8243; bottom_divider_color=\u00bb#FFFFFF\u00bb bottom_divider_height=\u00bb30px\u00bb bottom_divider_style_tablet=\u00bbwave2&#8243; bottom_divider_style_phone=\u00bbwave2&#8243; bottom_divider_style_last_edited=\u00bbon|phone\u00bb hover_enabled=\u00bb0&#8243; locked=\u00bboff\u00bb global_colors_info=\u00bb{}\u00bb sticky_enabled=\u00bb0&#8243;][et_pb_row column_structure=\u00bb2_5,3_5&#8243; _builder_version=\u00bb4.23.1&#8243; _module_preset=\u00bbdefault\u00bb global_colors_info=\u00bb{}\u00bb][et_pb_column type=\u00bb2_5&#8243; _builder_version=\u00bb4.23.1&#8243; _module_preset=\u00bbdefault\u00bb hover_enabled=\u00bb0&#8243; global_colors_info=\u00bb{}\u00bb sticky_enabled=\u00bb0&#8243;][et_pb_text _builder_version=\u00bb4.27.5&#8243; _module_preset=\u00bbdefault\u00bb header_font=\u00bbPatua One||||||||\u00bb header_text_color=\u00bb#d5ae80&#8243; header_font_size=\u00bb46px\u00bb header_2_font=\u00bbPatua One||||||||\u00bb header_2_text_color=\u00bb#FFFFFF\u00bb header_2_font_size=\u00bb46px\u00bb custom_margin_tablet=\u00bb\u00bb custom_margin_phone=\u00bb31px||||false|false\u00bb custom_margin_last_edited=\u00bbon|phone\u00bb header_2_font_size_tablet=\u00bb46px\u00bb header_2_font_size_phone=\u00bb37px\u00bb header_2_font_size_last_edited=\u00bbon|phone\u00bb global_colors_info=\u00bb{}\u00bb]<\/p>\n<h2 style=\"text-align: center;\">Calidad<\/h2>\n<p>[\/et_pb_text][et_pb_text _builder_version=\u00bb4.27.5&#8243; _module_preset=\u00bbdefault\u00bb text_font=\u00bbPoppins|300|||||||\u00bb text_text_color=\u00bb#FFFFFF\u00bb text_font_size=\u00bb16px\u00bb text_orientation=\u00bbcenter\u00bb custom_margin=\u00bb|0px||0px|false|false\u00bb custom_margin_tablet=\u00bb|90px||90px|false|false\u00bb custom_margin_phone=\u00bb|0px||0px|false|false\u00bb custom_margin_last_edited=\u00bbon|phone\u00bb custom_padding=\u00bb0px|||||\u00bb global_colors_info=\u00bb{}\u00bb]<\/p>\n<p>Somos una panader\u00eda familiar dedicada a la producci\u00f3n artesanal sin gluten. Nuestro objetivo es ofrecer la mayor calidad en los productos para que nuestros clientes disfruten de las comidas al igual que el resto. Trabajamos continuamente para mejorar d\u00eda tras d\u00eda y, as\u00ed, disminuir las diferencias entre alimentos con y sin gluten.<\/p>\n<p>[\/et_pb_text][\/et_pb_column][et_pb_column type=\u00bb3_5&#8243; _builder_version=\u00bb4.23.1&#8243; _module_preset=\u00bbdefault\u00bb global_colors_info=\u00bb{}\u00bb][et_pb_image src=\u00bbhttps:\/\/obradorglutenfree.com\/wp-content\/uploads\/2023\/12\/Producci\u00f3-artesanal-sense-gluten-Pastissos.jpg\u00bb alt=\u00bbProducci\u00f3n artesanal sin gluten\u00bb title_text=\u00bbProducci\u00f3n artesanal sin gluten\u00bb show_in_lightbox=\u00bbon\u00bb _builder_version=\u00bb4.27.5&#8243; _module_preset=\u00bbdefault\u00bb width=\u00bb49%\u00bb module_alignment=\u00bbcenter\u00bb custom_margin=\u00bb-11px||||false|false\u00bb custom_margin_tablet=\u00bb-11px||||false|false\u00bb custom_margin_phone=\u00bb18px||||false|false\u00bb custom_margin_last_edited=\u00bbon|phone\u00bb border_radii=\u00bbon|13px|13px|13px|13px\u00bb border_width_all=\u00bb5px\u00bb border_color_all=\u00bb#FFFFFF\u00bb box_shadow_style=\u00bbpreset3&#8243; global_colors_info=\u00bb{}\u00bb][\/et_pb_image][\/et_pb_column][\/et_pb_row][\/et_pb_section][et_pb_section fb_built=\u00bb1&#8243; disabled_on=\u00bbon|on|off\u00bb _builder_version=\u00bb4.23.1&#8243; _module_preset=\u00bbdefault\u00bb background_color=\u00bb#f9f9f9&#8243; locked=\u00bboff\u00bb global_colors_info=\u00bb{}\u00bb][et_pb_row column_structure=\u00bb3_5,2_5&#8243; _builder_version=\u00bb4.23.1&#8243; _module_preset=\u00bbdefault\u00bb global_colors_info=\u00bb{}\u00bb][et_pb_column type=\u00bb3_5&#8243; _builder_version=\u00bb4.23.1&#8243; _module_preset=\u00bbdefault\u00bb global_colors_info=\u00bb{}\u00bb][dsm_before_after_image before_src=\u00bbhttps:\/\/obradorglutenfree.com\/wp-content\/uploads\/2023\/12\/Producci\u00f3-artesanal-sense-gluten.png\u00bb after_src=\u00bbhttps:\/\/obradorglutenfree.com\/wp-content\/uploads\/2023\/12\/Producci\u00f3 artesanal sense gluten.png\u00bb _builder_version=\u00bb4.27.5&#8243; _module_preset=\u00bbdefault\u00bb width=\u00bb52%\u00bb module_alignment=\u00bbcenter\u00bb border_radii=\u00bbon|13px|13px|13px|13px\u00bb border_width_all=\u00bb3px\u00bb border_color_all=\u00bb#FFFFFF\u00bb box_shadow_style=\u00bbpreset3&#8243; global_colors_info=\u00bb{}\u00bb][\/dsm_before_after_image][et_pb_text _builder_version=\u00bb4.27.5&#8243; _module_preset=\u00bbdefault\u00bb text_font=\u00bbPoppins|300|||||||\u00bb text_text_color=\u00bb#000000&#8243; text_font_size=\u00bb16px\u00bb text_orientation=\u00bbcenter\u00bb custom_margin=\u00bb|0px||0px|false|false\u00bb custom_margin_tablet=\u00bb|90px||90px|false|false\u00bb custom_margin_phone=\u00bb|0px||0px|false|false\u00bb custom_margin_last_edited=\u00bbon|phone\u00bb global_colors_info=\u00bb{}\u00bb]<\/p>\n<p><strong>\u00a1Deslizar para hornear!<\/strong><\/p>\n<p>[\/et_pb_text][\/et_pb_column][et_pb_column type=\u00bb2_5&#8243; _builder_version=\u00bb4.23.1&#8243; _module_preset=\u00bbdefault\u00bb global_colors_info=\u00bb{}\u00bb][et_pb_text _builder_version=\u00bb4.27.5&#8243; _module_preset=\u00bbdefault\u00bb header_font=\u00bbPatua One||||||||\u00bb header_text_color=\u00bb#d5ae80&#8243; header_font_size=\u00bb46px\u00bb header_2_font=\u00bbPatua One||||||||\u00bb header_2_text_color=\u00bb#d5ae80&#8243; header_2_font_size=\u00bb46px\u00bb custom_margin_tablet=\u00bb\u00bb custom_margin_phone=\u00bb31px||||false|false\u00bb custom_margin_last_edited=\u00bbon|phone\u00bb header_2_font_size_tablet=\u00bb46px\u00bb header_2_font_size_phone=\u00bb37px\u00bb header_2_font_size_last_edited=\u00bbon|phone\u00bb global_colors_info=\u00bb{}\u00bb]<\/p>\n<h2 style=\"text-align: center;\">Experiencia<\/h2>\n<p>[\/et_pb_text][et_pb_text _builder_version=\u00bb4.27.5&#8243; _module_preset=\u00bbdefault\u00bb text_font=\u00bbPoppins|300|||||||\u00bb text_text_color=\u00bb#000000&#8243; text_font_size=\u00bb16px\u00bb text_orientation=\u00bbcenter\u00bb custom_margin=\u00bb|0px||0px|false|false\u00bb custom_margin_tablet=\u00bb|90px||90px|false|false\u00bb custom_margin_phone=\u00bb|0px||0px|false|false\u00bb custom_margin_last_edited=\u00bbon|phone\u00bb global_colors_info=\u00bb{}\u00bb]<\/p>\n<p>Obrador Gluten Free nace el a\u00f1o 2019 despu\u00e9s de comprobar la manca de producci\u00f3n artesanal sin gluten de calidad destinados al p\u00fablico cel\u00edaco. El Obrador est\u00e1 liderado por Eva Qui\u00f1ones que, como persona cel\u00edaca, apuesta por proporcionar a los clientes un amplio cat\u00e1logo de panes, boller\u00eda, pasteler\u00eda y elaborados gourmet, con la garant\u00eda de calidad que una persona cel\u00edaca exige.<\/p>\n<p>[\/et_pb_text][\/et_pb_column][\/et_pb_row][\/et_pb_section][et_pb_section fb_built=\u00bb1&#8243; disabled_on=\u00bboff|off|on\u00bb _builder_version=\u00bb4.23.1&#8243; _module_preset=\u00bbdefault\u00bb background_color=\u00bb#f9f9f9&#8243; locked=\u00bboff\u00bb global_colors_info=\u00bb{}\u00bb][et_pb_row column_structure=\u00bb2_5,3_5&#8243; _builder_version=\u00bb4.23.1&#8243; _module_preset=\u00bbdefault\u00bb global_colors_info=\u00bb{}\u00bb][et_pb_column type=\u00bb2_5&#8243; _builder_version=\u00bb4.23.1&#8243; _module_preset=\u00bbdefault\u00bb global_colors_info=\u00bb{}\u00bb][et_pb_text _builder_version=\u00bb4.27.5&#8243; _module_preset=\u00bbdefault\u00bb header_font=\u00bbPatua One||||||||\u00bb header_text_color=\u00bb#d5ae80&#8243; header_font_size=\u00bb46px\u00bb header_2_font=\u00bbPatua One||||||||\u00bb header_2_text_color=\u00bb#d5ae80&#8243; header_2_font_size=\u00bb46px\u00bb custom_margin_tablet=\u00bb\u00bb custom_margin_phone=\u00bb31px||||false|false\u00bb custom_margin_last_edited=\u00bbon|phone\u00bb header_2_font_size_tablet=\u00bb46px\u00bb header_2_font_size_phone=\u00bb37px\u00bb header_2_font_size_last_edited=\u00bbon|phone\u00bb global_colors_info=\u00bb{}\u00bb]<\/p>\n<h2 style=\"text-align: center;\">Experiencia<\/h2>\n<p>[\/et_pb_text][et_pb_text _builder_version=\u00bb4.27.5&#8243; _module_preset=\u00bbdefault\u00bb text_font=\u00bbPoppins|300|||||||\u00bb text_text_color=\u00bb#000000&#8243; text_font_size=\u00bb16px\u00bb text_orientation=\u00bbcenter\u00bb custom_margin=\u00bb|0px||0px|false|false\u00bb custom_margin_tablet=\u00bb|90px||90px|false|false\u00bb custom_margin_phone=\u00bb|0px||0px|false|false\u00bb custom_margin_last_edited=\u00bbon|phone\u00bb custom_padding=\u00bb8px|||||\u00bb global_colors_info=\u00bb{}\u00bb]<\/p>\n<p>Obrador Gluten Free nace el a\u00f1o 2019 despu\u00e9s de comprobar la manca de producci\u00f3n artesanal sin gluten de calidad destinados al p\u00fablico cel\u00edaco. El Obrador est\u00e1 liderado por Eva Qui\u00f1ones que, como persona cel\u00edaca, apuesta por proporcionar a los clientes un amplio cat\u00e1logo de panes, boller\u00eda, pasteler\u00eda y elaborados gourmet, con la garant\u00eda de calidad que una persona cel\u00edaca exige.<\/p>\n<p>[\/et_pb_text][\/et_pb_column][et_pb_column type=\u00bb3_5&#8243; _builder_version=\u00bb4.23.1&#8243; _module_preset=\u00bbdefault\u00bb global_colors_info=\u00bb{}\u00bb][dsm_before_after_image before_src=\u00bbhttps:\/\/obradorglutenfree.com\/wp-content\/uploads\/2023\/12\/Producci\u00f3-artesanal-sense-gluten.png\u00bb after_src=\u00bbhttps:\/\/obradorglutenfree.com\/wp-content\/uploads\/2023\/12\/Producci\u00f3 artesanal sense gluten.png\u00bb _builder_version=\u00bb4.27.5&#8243; _module_preset=\u00bbdefault\u00bb width=\u00bb79%\u00bb module_alignment=\u00bbcenter\u00bb custom_margin_tablet=\u00bb\u00bb custom_margin_phone=\u00bb28px||||false|false\u00bb custom_margin_last_edited=\u00bbon|phone\u00bb border_radii=\u00bbon|13px|13px|13px|13px\u00bb border_width_all=\u00bb3px\u00bb border_color_all=\u00bb#FFFFFF\u00bb box_shadow_style=\u00bbpreset3&#8243; global_colors_info=\u00bb{}\u00bb][\/dsm_before_after_image][et_pb_text _builder_version=\u00bb4.23.1&#8243; _module_preset=\u00bbdefault\u00bb text_font=\u00bbPoppins|300|||||||\u00bb text_text_color=\u00bb#000000&#8243; text_font_size=\u00bb16px\u00bb text_orientation=\u00bbcenter\u00bb custom_margin=\u00bb|0px||0px|false|false\u00bb custom_margin_tablet=\u00bb|90px||90px|false|false\u00bb custom_margin_phone=\u00bb|0px||0px|false|false\u00bb custom_margin_last_edited=\u00bbon|phone\u00bb global_colors_info=\u00bb{}\u00bb]<\/p>\n<p><strong>\u00a1Deslizar para hornear!<\/strong><\/p>\n<p>[\/et_pb_text][\/et_pb_column][\/et_pb_row][\/et_pb_section][et_pb_section fb_built=\u00bb1&#8243; _builder_version=\u00bb4.23.1&#8243; _module_preset=\u00bbdefault\u00bb background_color=\u00bb#d5ae80&#8243; custom_padding=\u00bb||30px|||\u00bb bottom_divider_style=\u00bbwave2&#8243; bottom_divider_color=\u00bbRGBA(255,255,255,0)\u00bb bottom_divider_height=\u00bb30px\u00bb bottom_divider_style_tablet=\u00bbwave2&#8243; bottom_divider_style_phone=\u00bbwave2&#8243; bottom_divider_style_last_edited=\u00bbon|phone\u00bb box_shadow_style=\u00bbpreset3&#8243; box_shadow_spread=\u00bb-13px\u00bb locked=\u00bboff\u00bb global_colors_info=\u00bb{}\u00bb][et_pb_row _builder_version=\u00bb4.23.1&#8243; _module_preset=\u00bbdefault\u00bb global_colors_info=\u00bb{}\u00bb][et_pb_column type=\u00bb4_4&#8243; _builder_version=\u00bb4.23.1&#8243; _module_preset=\u00bbdefault\u00bb global_colors_info=\u00bb{}\u00bb][et_pb_text _builder_version=\u00bb4.27.5&#8243; _module_preset=\u00bbdefault\u00bb header_font=\u00bbPatua One||||||||\u00bb header_text_color=\u00bb#d5ae80&#8243; header_font_size=\u00bb46px\u00bb header_2_font=\u00bbPatua One||||||||\u00bb header_2_text_color=\u00bb#FFFFFF\u00bb header_2_font_size=\u00bb46px\u00bb custom_margin_tablet=\u00bb\u00bb custom_margin_phone=\u00bb31px||||false|false\u00bb custom_margin_last_edited=\u00bbon|phone\u00bb header_2_font_size_tablet=\u00bb46px\u00bb header_2_font_size_phone=\u00bb37px\u00bb header_2_font_size_last_edited=\u00bbon|phone\u00bb global_colors_info=\u00bb{}\u00bb]<\/p>\n<h2 style=\"text-align: center;\">Localizaci\u00f3n<\/h2>\n<p>[\/et_pb_text][et_pb_text _builder_version=\u00bb4.27.5&#8243; _module_preset=\u00bbdefault\u00bb text_font=\u00bbPoppins|300|||||||\u00bb text_text_color=\u00bb#FFFFFF\u00bb text_font_size=\u00bb16px\u00bb text_orientation=\u00bbcenter\u00bb custom_margin=\u00bb|0px||0px|false|false\u00bb custom_margin_tablet=\u00bb|90px||90px|false|false\u00bb custom_margin_phone=\u00bb|0px||0px|false|false\u00bb custom_margin_last_edited=\u00bbon|phone\u00bb global_colors_info=\u00bb{}\u00bb]<\/p>\n<p>El obrador donde realizamos toda nuestra elaboraci\u00f3n artesanal est\u00e1 situado en la ciudad de Girona. Tambi\u00e9n ofrecemos un abanico de nuestras especialidades y una selecci\u00f3n adicional de diversos productos en la tienda del Pato de los Pirineos donde ellos tambi\u00e9n fabrican una amplia gama de productos todos sin gluten. La tienda de L&#8217;\u00c0nec dels Pirineus la pueden encontrar a:<br \/><strong>Pol. Industrial Torremirona a Montfull\u00e0<\/strong><\/p>\n<p>[\/et_pb_text][\/et_pb_column][\/et_pb_row][\/et_pb_section][et_pb_section fb_built=\u00bb1&#8243; fullwidth=\u00bbon\u00bb _builder_version=\u00bb4.27.5&#8243; _module_preset=\u00bbdefault\u00bb animation_style=\u00bbslide\u00bb animation_direction=\u00bbtop\u00bb animation_duration=\u00bb1600ms\u00bb animation_intensity_slide=\u00bb12%\u00bb animation_starting_opacity=\u00bb6%\u00bb global_colors_info=\u00bb{}\u00bb][et_pb_fullwidth_code _builder_version=\u00bb4.27.5&#8243; _module_preset=\u00bbdefault\u00bb global_colors_info=\u00bb{}\u00bb]<iframe src=\"https:\/\/www.google.com\/maps\/embed?pb=!1m18!1m12!1m3!1d2964.66053969146!2d2.8247891!3d42.0075603!2m3!1f0!2f0!3f0!3m2!1i1024!2i768!4f13.1!3m3!1m2!1s0x12bae77eb1249c13%3A0x2d68fd4f5e32992c!2sObrador%20Gluten%20Free!5e0!3m2!1ses-419!2ses!4v1702455047636!5m2!1ses-419!2ses\" width=\"2500\" height=\"450\" style=\"border:0;\" allowfullscreen=\"\" loading=\"lazy\" referrerpolicy=\"no-referrer-when-downgrade\"><\/iframe>[\/et_pb_fullwidth_code][\/et_pb_section]<\/p>\n","protected":false},"excerpt":{"rendered":"<p>CalidadSomos una panader\u00eda familiar dedicada a la producci\u00f3n artesanal sin gluten. Nuestro objetivo es ofrecer la mayor calidad en los productos para que nuestros clientes disfruten de las comidas al [&hellip;]<\/p>\n","protected":false},"author":3,"featured_media":25359,"parent":0,"menu_order":0,"comment_status":"closed","ping_status":"closed","template":"","meta":{"_et_pb_use_builder":"on","_et_pb_old_content":"","_et_gb_content_width":"","footnotes":""},"class_list":["post-25479","page","type-page","status-publish","has-post-thumbnail","hentry"],"yoast_head":"<!-- This site is optimized with the Yoast SEO plugin v27.4 - https:\/\/yoast.com\/product\/yoast-seo-wordpress\/ -->\n<title>Sobre nosotros - Obrador Gluten Free<\/title>\n<meta name=\"description\" content=\"Somos una panader\u00eda familiar dedicada a la producci\u00f3n artesanal sin gluten. Nuestro objectivo es ofrecer la mayor calidad a nuestros productos\" \/>\n<meta name=\"robots\" content=\"index, follow, max-snippet:-1, max-image-preview:large, max-video-preview:-1\" \/>\n<link rel=\"canonical\" href=\"https:\/\/obradorglutenfree.com\/es\/sobre-nosotros\/\" \/>\n<meta property=\"og:locale\" content=\"es_ES\" \/>\n<meta property=\"og:type\" content=\"article\" \/>\n<meta property=\"og:title\" content=\"Sobre nosotros - Obrador Gluten Free\" \/>\n<meta property=\"og:description\" content=\"Somos una panader\u00eda familiar dedicada a la producci\u00f3n artesanal sin gluten. Nuestro objectivo es ofrecer la mayor calidad a nuestros productos\" \/>\n<meta property=\"og:url\" content=\"https:\/\/obradorglutenfree.com\/es\/sobre-nosotros\/\" \/>\n<meta property=\"og:site_name\" content=\"Obrador Gluten Free\" \/>\n<meta property=\"article:modified_time\" content=\"2025-12-30T12:56:30+00:00\" \/>\n<meta property=\"og:image\" content=\"https:\/\/obradorglutenfree.com\/wp-content\/uploads\/2023\/12\/Producci\u00f3-artesanal-sense-gluten.png\" \/>\n\t<meta property=\"og:image:width\" content=\"500\" \/>\n\t<meta property=\"og:image:height\" content=\"500\" \/>\n\t<meta property=\"og:image:type\" content=\"image\/png\" \/>\n<meta name=\"twitter:card\" content=\"summary_large_image\" \/>\n<meta name=\"twitter:label1\" content=\"Tiempo de lectura\" \/>\n\t<meta name=\"twitter:data1\" content=\"8 minutos\" \/>\n<script type=\"application\/ld+json\" class=\"yoast-schema-graph\">{\"@context\":\"https:\\\/\\\/schema.org\",\"@graph\":[{\"@type\":\"WebPage\",\"@id\":\"https:\\\/\\\/obradorglutenfree.com\\\/es\\\/sobre-nosotros\\\/\",\"url\":\"https:\\\/\\\/obradorglutenfree.com\\\/es\\\/sobre-nosotros\\\/\",\"name\":\"Sobre nosotros - Obrador Gluten Free\",\"isPartOf\":{\"@id\":\"https:\\\/\\\/obradorglutenfree.com\\\/es\\\/#website\"},\"primaryImageOfPage\":{\"@id\":\"https:\\\/\\\/obradorglutenfree.com\\\/es\\\/sobre-nosotros\\\/#primaryimage\"},\"image\":{\"@id\":\"https:\\\/\\\/obradorglutenfree.com\\\/es\\\/sobre-nosotros\\\/#primaryimage\"},\"thumbnailUrl\":\"https:\\\/\\\/obradorglutenfree.com\\\/wp-content\\\/uploads\\\/2023\\\/12\\\/Producci\u00f3-artesanal-sense-gluten.png\",\"datePublished\":\"2023-12-12T15:23:27+00:00\",\"dateModified\":\"2025-12-30T12:56:30+00:00\",\"description\":\"Somos una panader\u00eda familiar dedicada a la producci\u00f3n artesanal sin gluten. Nuestro objectivo es ofrecer la mayor calidad a nuestros productos\",\"breadcrumb\":{\"@id\":\"https:\\\/\\\/obradorglutenfree.com\\\/es\\\/sobre-nosotros\\\/#breadcrumb\"},\"inLanguage\":\"es\",\"potentialAction\":[{\"@type\":\"ReadAction\",\"target\":[\"https:\\\/\\\/obradorglutenfree.com\\\/es\\\/sobre-nosotros\\\/\"]}]},{\"@type\":\"ImageObject\",\"inLanguage\":\"es\",\"@id\":\"https:\\\/\\\/obradorglutenfree.com\\\/es\\\/sobre-nosotros\\\/#primaryimage\",\"url\":\"https:\\\/\\\/obradorglutenfree.com\\\/wp-content\\\/uploads\\\/2023\\\/12\\\/Producci\u00f3-artesanal-sense-gluten.png\",\"contentUrl\":\"https:\\\/\\\/obradorglutenfree.com\\\/wp-content\\\/uploads\\\/2023\\\/12\\\/Producci\u00f3-artesanal-sense-gluten.png\",\"width\":500,\"height\":500,\"caption\":\"Producci\u00f3 artesanal sense gluten\"},{\"@type\":\"BreadcrumbList\",\"@id\":\"https:\\\/\\\/obradorglutenfree.com\\\/es\\\/sobre-nosotros\\\/#breadcrumb\",\"itemListElement\":[{\"@type\":\"ListItem\",\"position\":1,\"name\":\"Inici\",\"item\":\"https:\\\/\\\/obradorglutenfree.com\\\/es\\\/\"},{\"@type\":\"ListItem\",\"position\":2,\"name\":\"Sobre nosotros\"}]},{\"@type\":\"WebSite\",\"@id\":\"https:\\\/\\\/obradorglutenfree.com\\\/es\\\/#website\",\"url\":\"https:\\\/\\\/obradorglutenfree.com\\\/es\\\/\",\"name\":\"Obrador Gluten Free\",\"description\":\"\",\"potentialAction\":[{\"@type\":\"SearchAction\",\"target\":{\"@type\":\"EntryPoint\",\"urlTemplate\":\"https:\\\/\\\/obradorglutenfree.com\\\/es\\\/?s={search_term_string}\"},\"query-input\":{\"@type\":\"PropertyValueSpecification\",\"valueRequired\":true,\"valueName\":\"search_term_string\"}}],\"inLanguage\":\"es\"}]}<\/script>\n<!-- \/ Yoast SEO plugin. -->","yoast_head_json":{"title":"Sobre nosotros - Obrador Gluten Free","description":"Somos una panader\u00eda familiar dedicada a la producci\u00f3n artesanal sin gluten. Nuestro objectivo es ofrecer la mayor calidad a nuestros productos","robots":{"index":"index","follow":"follow","max-snippet":"max-snippet:-1","max-image-preview":"max-image-preview:large","max-video-preview":"max-video-preview:-1"},"canonical":"https:\/\/obradorglutenfree.com\/es\/sobre-nosotros\/","og_locale":"es_ES","og_type":"article","og_title":"Sobre nosotros - Obrador Gluten Free","og_description":"Somos una panader\u00eda familiar dedicada a la producci\u00f3n artesanal sin gluten. Nuestro objectivo es ofrecer la mayor calidad a nuestros productos","og_url":"https:\/\/obradorglutenfree.com\/es\/sobre-nosotros\/","og_site_name":"Obrador Gluten Free","article_modified_time":"2025-12-30T12:56:30+00:00","og_image":[{"width":500,"height":500,"url":"https:\/\/obradorglutenfree.com\/wp-content\/uploads\/2023\/12\/Producci\u00f3-artesanal-sense-gluten.png","type":"image\/png"}],"twitter_card":"summary_large_image","twitter_misc":{"Tiempo de lectura":"8 minutos"},"schema":{"@context":"https:\/\/schema.org","@graph":[{"@type":"WebPage","@id":"https:\/\/obradorglutenfree.com\/es\/sobre-nosotros\/","url":"https:\/\/obradorglutenfree.com\/es\/sobre-nosotros\/","name":"Sobre nosotros - Obrador Gluten Free","isPartOf":{"@id":"https:\/\/obradorglutenfree.com\/es\/#website"},"primaryImageOfPage":{"@id":"https:\/\/obradorglutenfree.com\/es\/sobre-nosotros\/#primaryimage"},"image":{"@id":"https:\/\/obradorglutenfree.com\/es\/sobre-nosotros\/#primaryimage"},"thumbnailUrl":"https:\/\/obradorglutenfree.com\/wp-content\/uploads\/2023\/12\/Producci\u00f3-artesanal-sense-gluten.png","datePublished":"2023-12-12T15:23:27+00:00","dateModified":"2025-12-30T12:56:30+00:00","description":"Somos una panader\u00eda familiar dedicada a la producci\u00f3n artesanal sin gluten. Nuestro objectivo es ofrecer la mayor calidad a nuestros productos","breadcrumb":{"@id":"https:\/\/obradorglutenfree.com\/es\/sobre-nosotros\/#breadcrumb"},"inLanguage":"es","potentialAction":[{"@type":"ReadAction","target":["https:\/\/obradorglutenfree.com\/es\/sobre-nosotros\/"]}]},{"@type":"ImageObject","inLanguage":"es","@id":"https:\/\/obradorglutenfree.com\/es\/sobre-nosotros\/#primaryimage","url":"https:\/\/obradorglutenfree.com\/wp-content\/uploads\/2023\/12\/Producci\u00f3-artesanal-sense-gluten.png","contentUrl":"https:\/\/obradorglutenfree.com\/wp-content\/uploads\/2023\/12\/Producci\u00f3-artesanal-sense-gluten.png","width":500,"height":500,"caption":"Producci\u00f3 artesanal sense gluten"},{"@type":"BreadcrumbList","@id":"https:\/\/obradorglutenfree.com\/es\/sobre-nosotros\/#breadcrumb","itemListElement":[{"@type":"ListItem","position":1,"name":"Inici","item":"https:\/\/obradorglutenfree.com\/es\/"},{"@type":"ListItem","position":2,"name":"Sobre nosotros"}]},{"@type":"WebSite","@id":"https:\/\/obradorglutenfree.com\/es\/#website","url":"https:\/\/obradorglutenfree.com\/es\/","name":"Obrador Gluten Free","description":"","potentialAction":[{"@type":"SearchAction","target":{"@type":"EntryPoint","urlTemplate":"https:\/\/obradorglutenfree.com\/es\/?s={search_term_string}"},"query-input":{"@type":"PropertyValueSpecification","valueRequired":true,"valueName":"search_term_string"}}],"inLanguage":"es"}]}},"_links":{"self":[{"href":"https:\/\/obradorglutenfree.com\/es\/wp-json\/wp\/v2\/pages\/25479","targetHints":{"allow":["GET"]}}],"collection":[{"href":"https:\/\/obradorglutenfree.com\/es\/wp-json\/wp\/v2\/pages"}],"about":[{"href":"https:\/\/obradorglutenfree.com\/es\/wp-json\/wp\/v2\/types\/page"}],"author":[{"embeddable":true,"href":"https:\/\/obradorglutenfree.com\/es\/wp-json\/wp\/v2\/users\/3"}],"replies":[{"embeddable":true,"href":"https:\/\/obradorglutenfree.com\/es\/wp-json\/wp\/v2\/comments?post=25479"}],"version-history":[{"count":7,"href":"https:\/\/obradorglutenfree.com\/es\/wp-json\/wp\/v2\/pages\/25479\/revisions"}],"predecessor-version":[{"id":26713,"href":"https:\/\/obradorglutenfree.com\/es\/wp-json\/wp\/v2\/pages\/25479\/revisions\/26713"}],"wp:featuredmedia":[{"embeddable":true,"href":"https:\/\/obradorglutenfree.com\/es\/wp-json\/wp\/v2\/media\/25359"}],"wp:attachment":[{"href":"https:\/\/obradorglutenfree.com\/es\/wp-json\/wp\/v2\/media?parent=25479"}],"curies":[{"name":"wp","href":"https:\/\/api.w.org\/{rel}","templated":true}]}}