{"id":25423,"date":"2021-09-10T11:59:13","date_gmt":"2021-09-10T09:59:13","guid":{"rendered":"https:\/\/obradorglutenfree.com\/inicio\/"},"modified":"2026-03-31T19:55:13","modified_gmt":"2026-03-31T17:55:13","slug":"inicio","status":"publish","type":"page","link":"https:\/\/obradorglutenfree.com\/es\/","title":{"rendered":"Obrador Gluten Free"},"content":{"rendered":"<p>[et_pb_section fb_built=\u00bb1&#8243; _builder_version=\u00bb4.24.2&#8243; _module_preset=\u00bbdefault\u00bb background_image=\u00bbhttps:\/\/obradorglutenfree.com\/wp-content\/uploads\/2023\/12\/GlutenFree005-scaled-e1645196035349.jpg\u00bb height=\u00bb100vh\u00bb hover_enabled=\u00bb0&#8243; global_colors_info=\u00bb{}\u00bb sticky_enabled=\u00bb0&#8243;][et_pb_row _builder_version=\u00bb4.27.5&#8243; _module_preset=\u00bbdefault\u00bb custom_padding=\u00bb87px|||||\u00bb global_colors_info=\u00bb{}\u00bb][et_pb_column type=\u00bb4_4&#8243; _builder_version=\u00bb4.27.5&#8243; _module_preset=\u00bbdefault\u00bb global_colors_info=\u00bb{}\u00bb][et_pb_text _builder_version=\u00bb4.27.5&#8243; _module_preset=\u00bbdefault\u00bb hover_enabled=\u00bb0&#8243; global_colors_info=\u00bb{}\u00bb sticky_enabled=\u00bb0&#8243;]<\/p>\n<p>Aviso de vacaciones: Los pedidos realizados entre el 2 y el 12 de Abril se procesar\u00e1n a partir del d\u00eda 13. \u00a1Gracias por su confianza!<\/p>\n<p>[\/et_pb_text][\/et_pb_column][\/et_pb_row][et_pb_row admin_label=\u00bbRow\u00bb _builder_version=\u00bb4.24.2&#8243; _module_preset=\u00bbdefault\u00bb width=\u00bb100%\u00bb max_width=\u00bb100%\u00bb global_colors_info=\u00bb{}\u00bb][et_pb_column type=\u00bb4_4&#8243; _builder_version=\u00bb4.24.2&#8243; _module_preset=\u00bbdefault\u00bb global_colors_info=\u00bb{}\u00bb][et_pb_text _builder_version=\u00bb4.24.2&#8243; _module_preset=\u00bbdefault\u00bb header_font=\u00bbPatua One||||||||\u00bb header_text_color=\u00bb#d5ae80&#8243; header_font_size=\u00bb46px\u00bb header_2_font=\u00bbPatua One||||||||\u00bb header_2_text_color=\u00bb#d5ae80&#8243; header_2_font_size=\u00bb46px\u00bb background_color=\u00bbrgba(255,255,255,0.9)\u00bb custom_margin=\u00bb50vh||||false|false\u00bb custom_padding=\u00bb50px||50px||true|false\u00bb header_font_size_tablet=\u00bb46px\u00bb header_font_size_phone=\u00bb37px\u00bb header_font_size_last_edited=\u00bbon|phone\u00bb global_colors_info=\u00bb{}\u00bb]<\/p>\n<h2 style=\"text-align: center;\">Placer aut\u00e9ntico, libre de gluten<\/h2>\n<p>[\/et_pb_text][\/et_pb_column][\/et_pb_row][\/et_pb_section][et_pb_section fb_built=\u00bb1&#8243; _builder_version=\u00bb4.23.1&#8243; _module_preset=\u00bbdefault\u00bb global_colors_info=\u00bb{}\u00bb][et_pb_row _builder_version=\u00bb4.23.1&#8243; _module_preset=\u00bbdefault\u00bb global_colors_info=\u00bb{}\u00bb][et_pb_column type=\u00bb4_4&#8243; _builder_version=\u00bb4.23.1&#8243; _module_preset=\u00bbdefault\u00bb global_colors_info=\u00bb{}\u00bb][et_pb_text _builder_version=\u00bb4.24.2&#8243; _module_preset=\u00bbdefault\u00bb header_font=\u00bbPatua One||||||||\u00bb header_text_color=\u00bb#d5ae80&#8243; header_font_size=\u00bb46px\u00bb header_2_font=\u00bbPatua One||||||||\u00bb header_2_text_color=\u00bb#d5ae80&#8243; header_2_font_size=\u00bb46px\u00bb header_font_size_tablet=\u00bb46px\u00bb header_font_size_phone=\u00bb37px\u00bb header_font_size_last_edited=\u00bbon|phone\u00bb global_colors_info=\u00bb{}\u00bb]<\/p>\n<h2 style=\"text-align: center;\">El obrador<\/h2>\n<p>[\/et_pb_text][et_pb_text _builder_version=\u00bb4.24.2&#8243; _module_preset=\u00bbdefault\u00bb text_font=\u00bbPoppins|300|||||||\u00bb header_2_font=\u00bb|300|||||||\u00bb header_2_font_size=\u00bb17px\u00bb header_2_line_height=\u00bb1.5em\u00bb global_colors_info=\u00bb{}\u00bb]<\/p>\n<h2 style=\"text-align: center;\">Somos una panader\u00eda familiar dedicada a la producci\u00f3n artesanal sin gluten. El objetivo del Obrador Gluten Free es ofrecer la mejor calidad con productos para que nuestros clientes disfruten de las comidas, como lo har\u00edan el resto. Trabajamos continuamente para mejorar d\u00eda tras d\u00eda y, as\u00ed, disminuir las diferencias entre alimentos con y sin gluten.<\/h2>\n<p>[\/et_pb_text][et_pb_button button_url=\u00bb@ET-DC@eyJkeW5hbWljIjp0cnVlLCJjb250ZW50IjoicG9zdF9saW5rX3VybF9wYWdlIiwic2V0dGluZ3MiOnsicG9zdF9pZCI6IjI0ODk1IiwiZW5hYmxlX2h0bWwiOiJvZmYifX0=@\u00bb button_text=\u00bbSaber m\u00e1s\u00bb button_alignment=\u00bbcenter\u00bb _builder_version=\u00bb4.23.1&#8243; _dynamic_attributes=\u00bbbutton_url\u00bb _module_preset=\u00bbdefault\u00bb custom_button=\u00bbon\u00bb button_text_color=\u00bb#d5ae80&#8243; button_bg_color=\u00bbRGBA(255,255,255,0)\u00bb button_border_width=\u00bb0px\u00bb button_border_radius=\u00bb0px\u00bb button_font=\u00bbPatua One||||||||\u00bb box_shadow_style=\u00bbpreset3&#8243; box_shadow_blur=\u00bb0px\u00bb box_shadow_color=\u00bb#d5ae80&#8243; global_colors_info=\u00bb{}\u00bb][\/et_pb_button][\/et_pb_column][\/et_pb_row][\/et_pb_section][et_pb_section fb_built=\u00bb1&#8243; _builder_version=\u00bb4.24.2&#8243; _module_preset=\u00bbdefault\u00bb use_background_color_gradient=\u00bbon\u00bb background_color_gradient_stops=\u00bbrgba(0,0,0,0.34) 0%|rgba(0,0,0,0.61) 100%\u00bb background_color_gradient_overlays_image=\u00bbon\u00bb background_image=\u00bbhttps:\/\/obradorglutenfree.com\/wp-content\/uploads\/2023\/12\/Cta.jpg\u00bb parallax=\u00bbon\u00bb global_colors_info=\u00bb{}\u00bb][et_pb_row column_structure=\u00bb1_2,1_2&#8243; _builder_version=\u00bb4.27.3&#8243; _module_preset=\u00bbdefault\u00bb global_colors_info=\u00bb{}\u00bb][et_pb_column type=\u00bb1_2&#8243; _builder_version=\u00bb4.23.1&#8243; _module_preset=\u00bbdefault\u00bb global_colors_info=\u00bb{}\u00bb][et_pb_text _builder_version=\u00bb4.23.1&#8243; _module_preset=\u00bbdefault\u00bb header_font=\u00bbPatua One||||||||\u00bb header_text_color=\u00bb#d5ae80&#8243; header_font_size=\u00bb46px\u00bb header_2_font=\u00bbPatua One||||||||\u00bb header_2_text_color=\u00bb#d5ae80&#8243; header_2_font_size=\u00bb46px\u00bb header_font_size_tablet=\u00bb46px\u00bb header_font_size_phone=\u00bb37px\u00bb header_font_size_last_edited=\u00bbon|phone\u00bb header_2_font_size_tablet=\u00bb46px\u00bb header_2_font_size_phone=\u00bb37px\u00bb header_2_font_size_last_edited=\u00bbon|phone\u00bb global_colors_info=\u00bb{}\u00bb]<\/p>\n<h2 style=\"text-align: center;\">Nuestros productos<\/h2>\n<p>[\/et_pb_text][et_pb_text _builder_version=\u00bb4.23.1&#8243; _module_preset=\u00bbdefault\u00bb text_font=\u00bbPoppins|300|||||||\u00bb text_text_color=\u00bb#FFFFFF\u00bb text_font_size=\u00bb16px\u00bb text_orientation=\u00bbcenter\u00bb custom_margin=\u00bb|90px||90px|false|false\u00bb custom_margin_tablet=\u00bb|90px||90px|false|false\u00bb custom_margin_phone=\u00bb|0px||0px|false|false\u00bb custom_margin_last_edited=\u00bbon|phone\u00bb global_colors_info=\u00bb{}\u00bb]<\/p>\n<p>En Obrador Gluten Free ofrecemos a los clientes un amplio cat\u00e1logo de panes, boller\u00eda, pasteler\u00eda y elaborados gourmet, con la garant\u00eda de calidad que una persona cel\u00edaca exige.<\/p>\n<p>[\/et_pb_text][et_pb_button button_url=\u00bb@ET-DC@eyJkeW5hbWljIjp0cnVlLCJjb250ZW50IjoicG9zdF9saW5rX3VybF9wYWdlIiwic2V0dGluZ3MiOnsicG9zdF9pZCI6IjI0ODk5IiwiZW5hYmxlX2h0bWwiOiJvZmYifX0=@\u00bb button_text=\u00bbVer productos\u00bb button_alignment=\u00bbcenter\u00bb _builder_version=\u00bb4.24.2&#8243; _dynamic_attributes=\u00bbbutton_url\u00bb _module_preset=\u00bbdefault\u00bb custom_button=\u00bbon\u00bb button_text_color=\u00bb#d5ae80&#8243; button_bg_color=\u00bbRGBA(255,255,255,0)\u00bb button_border_width=\u00bb0px\u00bb button_border_radius=\u00bb0px\u00bb button_font=\u00bbPatua One||||||||\u00bb box_shadow_style=\u00bbpreset3&#8243; box_shadow_blur=\u00bb0px\u00bb box_shadow_color=\u00bb#d5ae80&#8243; global_colors_info=\u00bb{}\u00bb][\/et_pb_button][\/et_pb_column][et_pb_column type=\u00bb1_2&#8243; _builder_version=\u00bb4.23.1&#8243; _module_preset=\u00bbdefault\u00bb global_colors_info=\u00bb{}\u00bb][et_pb_text _builder_version=\u00bb4.23.1&#8243; _module_preset=\u00bbdefault\u00bb header_font=\u00bbPatua One||||||||\u00bb header_text_color=\u00bb#d5ae80&#8243; header_font_size=\u00bb46px\u00bb header_2_font=\u00bbPatua One||||||||\u00bb header_2_text_color=\u00bb#d5ae80&#8243; header_2_font_size=\u00bb46px\u00bb header_font_size_tablet=\u00bb46px\u00bb header_font_size_phone=\u00bb37px\u00bb header_font_size_last_edited=\u00bbon|phone\u00bb header_2_font_size_tablet=\u00bb46px\u00bb header_2_font_size_phone=\u00bb37px\u00bb header_2_font_size_last_edited=\u00bbon|phone\u00bb global_colors_info=\u00bb{}\u00bb]<\/p>\n<h2 style=\"text-align: center;\">Nuestros productos<\/h2>\n<p>[\/et_pb_text][et_pb_button button_url=\u00bb@ET-DC@eyJkeW5hbWljIjp0cnVlLCJjb250ZW50IjoicG9zdF9saW5rX3VybF9wYWdlIiwic2V0dGluZ3MiOnsicG9zdF9pZCI6IjI0ODk5IiwiZW5hYmxlX2h0bWwiOiJvZmYifX0=@\u00bb button_text=\u00bbVer productos\u00bb button_alignment=\u00bbcenter\u00bb _builder_version=\u00bb4.24.2&#8243; _dynamic_attributes=\u00bbbutton_url\u00bb _module_preset=\u00bbdefault\u00bb custom_button=\u00bbon\u00bb button_text_color=\u00bb#d5ae80&#8243; button_bg_color=\u00bbRGBA(255,255,255,0)\u00bb button_border_width=\u00bb0px\u00bb button_border_radius=\u00bb0px\u00bb button_font=\u00bbPatua One||||||||\u00bb box_shadow_style=\u00bbpreset3&#8243; box_shadow_blur=\u00bb0px\u00bb box_shadow_color=\u00bb#d5ae80&#8243; global_colors_info=\u00bb{}\u00bb][\/et_pb_button][\/et_pb_column][\/et_pb_row][\/et_pb_section][et_pb_section fb_built=\u00bb1&#8243; _builder_version=\u00bb4.23.1&#8243; _module_preset=\u00bbdefault\u00bb global_colors_info=\u00bb{}\u00bb][et_pb_row column_structure=\u00bb2_5,3_5&#8243; _builder_version=\u00bb4.23.1&#8243; _module_preset=\u00bbdefault\u00bb global_colors_info=\u00bb{}\u00bb][et_pb_column type=\u00bb2_5&#8243; _builder_version=\u00bb4.23.1&#8243; _module_preset=\u00bbdefault\u00bb global_colors_info=\u00bb{}\u00bb][et_pb_text _builder_version=\u00bb4.23.1&#8243; _module_preset=\u00bbdefault\u00bb header_font=\u00bbPatua One||||||||\u00bb header_text_color=\u00bb#d5ae80&#8243; header_font_size=\u00bb46px\u00bb header_2_font=\u00bbPatua One||||||||\u00bb header_2_text_color=\u00bb#d5ae80&#8243; header_2_font_size=\u00bb46px\u00bb header_2_font_size_tablet=\u00bb46px\u00bb header_2_font_size_phone=\u00bb37px\u00bb header_2_font_size_last_edited=\u00bbon|phone\u00bb global_colors_info=\u00bb{}\u00bb]<\/p>\n<h2 style=\"text-align: center;\">Nuestras materias primas<\/h2>\n<p>[\/et_pb_text][et_pb_text _builder_version=\u00bb4.24.0&#8243; _module_preset=\u00bbdefault\u00bb text_font=\u00bbPoppins|300|||||||\u00bb text_text_color=\u00bb#000000&#8243; text_font_size=\u00bb16px\u00bb text_orientation=\u00bbcenter\u00bb custom_margin=\u00bb|0px||0px|false|false\u00bb custom_margin_tablet=\u00bb|90px||90px|false|false\u00bb custom_margin_phone=\u00bb|0px||0px|false|false\u00bb custom_margin_last_edited=\u00bbon|phone\u00bb global_colors_info=\u00bb{}\u00bb]<\/p>\n<p>Trabajamos con materias primas que han sido previamente tratadas para ser aptas en elaboraciones sin gluten, como por ejemplo el almid\u00f3n de trigo o materias que por naturaleza ya lo son, como podr\u00eda ser el huevo o la mantequilla.<\/p>\n<p>[\/et_pb_text][et_pb_button button_url=\u00bb@ET-DC@eyJkeW5hbWljIjp0cnVlLCJjb250ZW50IjoicG9zdF9saW5rX3VybF9wYWdlIiwic2V0dGluZ3MiOnsicG9zdF9pZCI6IjI0ODk3IiwiZW5hYmxlX2h0bWwiOiJvZmYifX0=@\u00bb button_text=\u00bbSaber m\u00e1s\u00bb button_alignment=\u00bbcenter\u00bb _builder_version=\u00bb4.23.1&#8243; _dynamic_attributes=\u00bbbutton_url\u00bb _module_preset=\u00bbdefault\u00bb custom_button=\u00bbon\u00bb button_text_color=\u00bb#d5ae80&#8243; button_bg_color=\u00bbRGBA(255,255,255,0)\u00bb button_border_width=\u00bb0px\u00bb button_border_radius=\u00bb0px\u00bb button_font=\u00bbPatua One||||||||\u00bb box_shadow_style=\u00bbpreset3&#8243; box_shadow_blur=\u00bb0px\u00bb box_shadow_color=\u00bb#d5ae80&#8243; global_colors_info=\u00bb{}\u00bb][\/et_pb_button][\/et_pb_column][et_pb_column type=\u00bb3_5&#8243; _builder_version=\u00bb4.23.1&#8243; _module_preset=\u00bbdefault\u00bb global_colors_info=\u00bb{}\u00bb][dsm_image_carousel gallery_ids=\u00bb25353,25354,25355,25356&#8243; centered_slides=\u00bbon\u00bb slide_to_show=\u00bb3&#8243; speed=\u00bb1779&#8243; autoplay_speed=\u00bb1779&#8243; arrows=\u00bboff\u00bb dots=\u00bboff\u00bb show_lightbox=\u00bbon\u00bb show_lightbox_gallery=\u00bbon\u00bb slide_to_show_tablet=\u00bb3&#8243; slide_to_show_phone=\u00bb2&#8243; slide_to_show_last_edited=\u00bbon|phone\u00bb _builder_version=\u00bb4.24.2&#8243; _module_preset=\u00bbdefault\u00bb custom_margin=\u00bb39px||||false|false\u00bb global_colors_info=\u00bb{}\u00bb][\/dsm_image_carousel][\/et_pb_column][\/et_pb_row][\/et_pb_section][et_pb_section fb_built=\u00bb1&#8243; _builder_version=\u00bb4.23.1&#8243; _module_preset=\u00bbdefault\u00bb background_color=\u00bb#f9f9f9&#8243; global_colors_info=\u00bb{}\u00bb][et_pb_row column_structure=\u00bb3_5,2_5&#8243; _builder_version=\u00bb4.23.1&#8243; _module_preset=\u00bbdefault\u00bb global_colors_info=\u00bb{}\u00bb][et_pb_column type=\u00bb3_5&#8243; _builder_version=\u00bb4.23.1&#8243; _module_preset=\u00bbdefault\u00bb global_colors_info=\u00bb{}\u00bb][et_pb_image src=\u00bbhttps:\/\/obradorglutenfree.com\/wp-content\/uploads\/2023\/12\/croquetes-free-gluten.png\u00bb alt=\u00bbCroquetas Gluten Free\u00bb title_text=\u00bbCroquetas Gluten Free\u00bb _builder_version=\u00bb4.24.2&#8243; _module_preset=\u00bbdefault\u00bb width=\u00bb49%\u00bb module_alignment=\u00bbcenter\u00bb custom_margin=\u00bb-11px||||false|false\u00bb border_radii=\u00bbon|13px|13px|13px|13px\u00bb border_width_all=\u00bb5px\u00bb border_color_all=\u00bb#FFFFFF\u00bb box_shadow_style=\u00bbpreset3&#8243; global_colors_info=\u00bb{}\u00bb][\/et_pb_image][\/et_pb_column][et_pb_column type=\u00bb2_5&#8243; _builder_version=\u00bb4.23.1&#8243; _module_preset=\u00bbdefault\u00bb global_colors_info=\u00bb{}\u00bb][et_pb_text _builder_version=\u00bb4.23.1&#8243; _module_preset=\u00bbdefault\u00bb header_font=\u00bbPatua One||||||||\u00bb header_text_color=\u00bb#d5ae80&#8243; header_font_size=\u00bb46px\u00bb header_2_font=\u00bbPatua One||||||||\u00bb header_2_text_color=\u00bb#d5ae80&#8243; header_2_font_size=\u00bb46px\u00bb custom_margin_tablet=\u00bb\u00bb custom_margin_phone=\u00bb31px||||false|false\u00bb custom_margin_last_edited=\u00bbon|phone\u00bb header_2_font_size_tablet=\u00bb46px\u00bb header_2_font_size_phone=\u00bb37px\u00bb header_2_font_size_last_edited=\u00bbon|phone\u00bb global_colors_info=\u00bb{}\u00bb]<\/p>\n<h2 style=\"text-align: center;\">Productos Gourmet<\/h2>\n<p>[\/et_pb_text][et_pb_text _builder_version=\u00bb4.24.0&#8243; _module_preset=\u00bbdefault\u00bb text_font=\u00bbPoppins|300|||||||\u00bb text_text_color=\u00bb#000000&#8243; text_font_size=\u00bb16px\u00bb text_orientation=\u00bbcenter\u00bb custom_margin=\u00bb|0px||0px|false|false\u00bb custom_margin_tablet=\u00bb|90px||90px|false|false\u00bb custom_margin_phone=\u00bb|0px||0px|false|false\u00bb custom_margin_last_edited=\u00bbon|phone\u00bb global_colors_info=\u00bb{}\u00bb]<\/p>\n<p>Trabajando codo con codo con el \u00c0nec dels Pirineus, hemos adaptado gran parte de su gama de productos gourmet para hacerlos aptos para cel\u00edacos. Sea intolerante al gluten o no, disfrute como nunca de los productos de l&#8217;\u00c0nec sin gluten.<\/p>\n<p>[\/et_pb_text][et_pb_button button_url=\u00bb@ET-DC@eyJkeW5hbWljIjp0cnVlLCJjb250ZW50IjoicG9zdF9saW5rX3VybF9wYWdlIiwic2V0dGluZ3MiOnsicG9zdF9pZCI6IjI0ODk3IiwiZW5hYmxlX2h0bWwiOiJvZmYifX0=@\u00bb button_text=\u00bbDescubra la gama de productos Gourmet\u00bb button_alignment=\u00bbcenter\u00bb disabled_on=\u00bbon|on|on\u00bb _builder_version=\u00bb4.23.1&#8243; _dynamic_attributes=\u00bbbutton_url\u00bb _module_preset=\u00bbdefault\u00bb custom_button=\u00bbon\u00bb button_text_color=\u00bb#d5ae80&#8243; button_bg_color=\u00bbRGBA(255,255,255,0)\u00bb button_border_width=\u00bb0px\u00bb button_border_radius=\u00bb0px\u00bb button_font=\u00bbPatua One||||||||\u00bb box_shadow_style=\u00bbpreset3&#8243; box_shadow_blur=\u00bb0px\u00bb box_shadow_color=\u00bb#d5ae80&#8243; disabled=\u00bbon\u00bb global_colors_info=\u00bb{}\u00bb][\/et_pb_button][\/et_pb_column][\/et_pb_row][\/et_pb_section]<\/p>\n","protected":false},"excerpt":{"rendered":"<p>Aviso de vacaciones: Los pedidos realizados entre el 2 y el 12 de Abril se procesar\u00e1n a partir del d\u00eda 13. \u00a1Gracias por su confianza!Placer aut\u00e9ntico, libre de glutenEl obradorSomos [&hellip;]<\/p>\n","protected":false},"author":3,"featured_media":25547,"parent":0,"menu_order":0,"comment_status":"closed","ping_status":"closed","template":"","meta":{"_et_pb_use_builder":"on","_et_pb_old_content":"","_et_gb_content_width":"","footnotes":""},"class_list":["post-25423","page","type-page","status-publish","has-post-thumbnail","hentry"],"yoast_head":"<!-- This site is optimized with the Yoast SEO plugin v27.2 - https:\/\/yoast.com\/product\/yoast-seo-wordpress\/ -->\n<title>Obrador Gluten Free - La Mejor Calidad<\/title>\n<meta name=\"description\" content=\"El objetivo d&#039;Obrador Gluten Free es ofrecer la mejor calidad con productos para que los nuestros clientes disfruten de las comidas\" \/>\n<meta name=\"robots\" content=\"index, follow, max-snippet:-1, max-image-preview:large, max-video-preview:-1\" \/>\n<link rel=\"canonical\" href=\"https:\/\/obradorglutenfree.com\/es\/\" \/>\n<meta property=\"og:locale\" content=\"es_ES\" \/>\n<meta property=\"og:type\" content=\"article\" \/>\n<meta property=\"og:title\" content=\"Obrador Gluten Free - La Mejor Calidad\" \/>\n<meta property=\"og:description\" content=\"El objetivo d&#039;Obrador Gluten Free es ofrecer la mejor calidad con productos para que los nuestros clientes disfruten de las comidas\" \/>\n<meta property=\"og:url\" content=\"https:\/\/obradorglutenfree.com\/es\/\" \/>\n<meta property=\"og:site_name\" content=\"Obrador Gluten Free\" \/>\n<meta property=\"article:modified_time\" content=\"2026-03-31T17:55:13+00:00\" \/>\n<meta property=\"og:image\" content=\"https:\/\/obradorglutenfree.com\/wp-content\/uploads\/2024\/03\/obrador-gluten-free.webp\" \/>\n\t<meta property=\"og:image:width\" content=\"1080\" \/>\n\t<meta property=\"og:image:height\" content=\"1080\" \/>\n\t<meta property=\"og:image:type\" content=\"image\/webp\" \/>\n<meta name=\"twitter:card\" content=\"summary_large_image\" \/>\n<meta name=\"twitter:label1\" content=\"Tiempo de lectura\" \/>\n\t<meta name=\"twitter:data1\" content=\"3 minutos\" \/>\n<script type=\"application\/ld+json\" class=\"yoast-schema-graph\">{\"@context\":\"https:\/\/schema.org\",\"@graph\":[{\"@type\":\"WebPage\",\"@id\":\"https:\/\/obradorglutenfree.com\/es\/\",\"url\":\"https:\/\/obradorglutenfree.com\/es\/\",\"name\":\"Obrador Gluten Free - La Mejor Calidad\",\"isPartOf\":{\"@id\":\"https:\/\/obradorglutenfree.com\/es\/#website\"},\"primaryImageOfPage\":{\"@id\":\"https:\/\/obradorglutenfree.com\/es\/#primaryimage\"},\"image\":{\"@id\":\"https:\/\/obradorglutenfree.com\/es\/#primaryimage\"},\"thumbnailUrl\":\"https:\/\/obradorglutenfree.com\/wp-content\/uploads\/2024\/03\/obrador-gluten-free.webp\",\"datePublished\":\"2021-09-10T09:59:13+00:00\",\"dateModified\":\"2026-03-31T17:55:13+00:00\",\"description\":\"El objetivo d'Obrador Gluten Free es ofrecer la mejor calidad con productos para que los nuestros clientes disfruten de las comidas\",\"breadcrumb\":{\"@id\":\"https:\/\/obradorglutenfree.com\/es\/#breadcrumb\"},\"inLanguage\":\"es\",\"potentialAction\":[{\"@type\":\"ReadAction\",\"target\":[\"https:\/\/obradorglutenfree.com\/es\/\"]}]},{\"@type\":\"ImageObject\",\"inLanguage\":\"es\",\"@id\":\"https:\/\/obradorglutenfree.com\/es\/#primaryimage\",\"url\":\"https:\/\/obradorglutenfree.com\/wp-content\/uploads\/2024\/03\/obrador-gluten-free.webp\",\"contentUrl\":\"https:\/\/obradorglutenfree.com\/wp-content\/uploads\/2024\/03\/obrador-gluten-free.webp\",\"width\":1080,\"height\":1080,\"caption\":\"Obrador Gluten Free\"},{\"@type\":\"BreadcrumbList\",\"@id\":\"https:\/\/obradorglutenfree.com\/es\/#breadcrumb\",\"itemListElement\":[{\"@type\":\"ListItem\",\"position\":1,\"name\":\"Inici\",\"item\":\"https:\/\/obradorglutenfree.com\/es\/\"},{\"@type\":\"ListItem\",\"position\":2,\"name\":\"Obrador Gluten Free\"}]},{\"@type\":\"WebSite\",\"@id\":\"https:\/\/obradorglutenfree.com\/es\/#website\",\"url\":\"https:\/\/obradorglutenfree.com\/es\/\",\"name\":\"Obrador Gluten Free\",\"description\":\"\",\"potentialAction\":[{\"@type\":\"SearchAction\",\"target\":{\"@type\":\"EntryPoint\",\"urlTemplate\":\"https:\/\/obradorglutenfree.com\/es\/?s={search_term_string}\"},\"query-input\":{\"@type\":\"PropertyValueSpecification\",\"valueRequired\":true,\"valueName\":\"search_term_string\"}}],\"inLanguage\":\"es\"}]}<\/script>\n<!-- \/ Yoast SEO plugin. -->","yoast_head_json":{"title":"Obrador Gluten Free - La Mejor Calidad","description":"El objetivo d'Obrador Gluten Free es ofrecer la mejor calidad con productos para que los nuestros clientes disfruten de las comidas","robots":{"index":"index","follow":"follow","max-snippet":"max-snippet:-1","max-image-preview":"max-image-preview:large","max-video-preview":"max-video-preview:-1"},"canonical":"https:\/\/obradorglutenfree.com\/es\/","og_locale":"es_ES","og_type":"article","og_title":"Obrador Gluten Free - La Mejor Calidad","og_description":"El objetivo d'Obrador Gluten Free es ofrecer la mejor calidad con productos para que los nuestros clientes disfruten de las comidas","og_url":"https:\/\/obradorglutenfree.com\/es\/","og_site_name":"Obrador Gluten Free","article_modified_time":"2026-03-31T17:55:13+00:00","og_image":[{"width":1080,"height":1080,"url":"https:\/\/obradorglutenfree.com\/wp-content\/uploads\/2024\/03\/obrador-gluten-free.webp","type":"image\/webp"}],"twitter_card":"summary_large_image","twitter_misc":{"Tiempo de lectura":"3 minutos"},"schema":{"@context":"https:\/\/schema.org","@graph":[{"@type":"WebPage","@id":"https:\/\/obradorglutenfree.com\/es\/","url":"https:\/\/obradorglutenfree.com\/es\/","name":"Obrador Gluten Free - La Mejor Calidad","isPartOf":{"@id":"https:\/\/obradorglutenfree.com\/es\/#website"},"primaryImageOfPage":{"@id":"https:\/\/obradorglutenfree.com\/es\/#primaryimage"},"image":{"@id":"https:\/\/obradorglutenfree.com\/es\/#primaryimage"},"thumbnailUrl":"https:\/\/obradorglutenfree.com\/wp-content\/uploads\/2024\/03\/obrador-gluten-free.webp","datePublished":"2021-09-10T09:59:13+00:00","dateModified":"2026-03-31T17:55:13+00:00","description":"El objetivo d'Obrador Gluten Free es ofrecer la mejor calidad con productos para que los nuestros clientes disfruten de las comidas","breadcrumb":{"@id":"https:\/\/obradorglutenfree.com\/es\/#breadcrumb"},"inLanguage":"es","potentialAction":[{"@type":"ReadAction","target":["https:\/\/obradorglutenfree.com\/es\/"]}]},{"@type":"ImageObject","inLanguage":"es","@id":"https:\/\/obradorglutenfree.com\/es\/#primaryimage","url":"https:\/\/obradorglutenfree.com\/wp-content\/uploads\/2024\/03\/obrador-gluten-free.webp","contentUrl":"https:\/\/obradorglutenfree.com\/wp-content\/uploads\/2024\/03\/obrador-gluten-free.webp","width":1080,"height":1080,"caption":"Obrador Gluten Free"},{"@type":"BreadcrumbList","@id":"https:\/\/obradorglutenfree.com\/es\/#breadcrumb","itemListElement":[{"@type":"ListItem","position":1,"name":"Inici","item":"https:\/\/obradorglutenfree.com\/es\/"},{"@type":"ListItem","position":2,"name":"Obrador Gluten Free"}]},{"@type":"WebSite","@id":"https:\/\/obradorglutenfree.com\/es\/#website","url":"https:\/\/obradorglutenfree.com\/es\/","name":"Obrador Gluten Free","description":"","potentialAction":[{"@type":"SearchAction","target":{"@type":"EntryPoint","urlTemplate":"https:\/\/obradorglutenfree.com\/es\/?s={search_term_string}"},"query-input":{"@type":"PropertyValueSpecification","valueRequired":true,"valueName":"search_term_string"}}],"inLanguage":"es"}]}},"_links":{"self":[{"href":"https:\/\/obradorglutenfree.com\/es\/wp-json\/wp\/v2\/pages\/25423","targetHints":{"allow":["GET"]}}],"collection":[{"href":"https:\/\/obradorglutenfree.com\/es\/wp-json\/wp\/v2\/pages"}],"about":[{"href":"https:\/\/obradorglutenfree.com\/es\/wp-json\/wp\/v2\/types\/page"}],"author":[{"embeddable":true,"href":"https:\/\/obradorglutenfree.com\/es\/wp-json\/wp\/v2\/users\/3"}],"replies":[{"embeddable":true,"href":"https:\/\/obradorglutenfree.com\/es\/wp-json\/wp\/v2\/comments?post=25423"}],"version-history":[{"count":16,"href":"https:\/\/obradorglutenfree.com\/es\/wp-json\/wp\/v2\/pages\/25423\/revisions"}],"predecessor-version":[{"id":27162,"href":"https:\/\/obradorglutenfree.com\/es\/wp-json\/wp\/v2\/pages\/25423\/revisions\/27162"}],"wp:featuredmedia":[{"embeddable":true,"href":"https:\/\/obradorglutenfree.com\/es\/wp-json\/wp\/v2\/media\/25547"}],"wp:attachment":[{"href":"https:\/\/obradorglutenfree.com\/es\/wp-json\/wp\/v2\/media?parent=25423"}],"curies":[{"name":"wp","href":"https:\/\/api.w.org\/{rel}","templated":true}]}}